{"id":404456,"date":"2026-03-08T05:46:12","date_gmt":"2026-03-08T04:46:12","guid":{"rendered":"https:\/\/grupotextil.es\/producto\/amsterdam-delantal-reciclado-con-peto-y-bolsillo\/"},"modified":"2026-03-08T05:46:12","modified_gmt":"2026-03-08T04:46:12","slug":"amsterdam-delantal-reciclado-con-peto-y-bolsillo","status":"publish","type":"product","link":"https:\/\/grupotextil.es\/ca\/product\/amsterdam-delantal-reciclado-con-peto-y-bolsillo\/","title":{"rendered":"AMSTERDAM &#8211; Delantal reciclado con peto y bolsillo"},"content":{"rendered":"<ul>\n<li>205 g\/m\u00b2<\/li>\n<li>65% poli\u00e9ster (Reciclado), 35% algod\u00f3n (Reciclado)<\/li>\n<li>Sarga fina<\/li>\n<li>Colorfast, solidez del color<\/li>\n<li>Cuidado f\u00e1cil<\/li>\n<li>Colorante te\u00f1ido reactivo resistente<\/li>\n<li>Hebilla de metal que se ajusta al cuello<\/li>\n<li>Se ata a la cintura con costuras rematadas<\/li>\n<li>Gran bolsillo central cosido con 2 compartimentos (40 x 20 cm)<\/li>\n<li>Medidas: 78 x 110 cm<\/li>\n<li>Lavable hasta 60\u00b0C<\/li>\n<\/ul>","protected":false},"excerpt":{"rendered":"<p>205 g\/m\u00b265% poli\u00e9ster (Reciclado), 35% algod\u00f3n (Reciclado)Sarga finaColorfast, solidez del colorCuidado f\u00e1cilColorante te\u00f1ido reactivo resistenteHebilla de metal que se ajusta al cuelloSe ata a la cin<\/p>","protected":false},"featured_media":429542,"comment_status":"open","ping_status":"closed","template":"","meta":{"_acf_changed":false},"product_brand":[11683],"product_cat":[13948,13954,13939,13950,13974,13932,13930,13975,13983,13992,13973],"product_tag":[],"class_list":{"0":"post-404456","1":"product","2":"type-product","3":"status-publish","4":"has-post-thumbnail","6":"product_brand-sg-accessories-bistro","7":"product_cat-accesorios","8":"product_cat-acc-bolsas-y-mochilas","9":"product_cat-deportivo","10":"product_cat-gorros-y-beanies","11":"product_cat-ropa-hombre","12":"product_cat-hosteleria-horeca","13":"product_cat-laboral","14":"product_cat-ropa-mujer","15":"product_cat-h-pantalones","16":"product_cat-m-pantalones","17":"product_cat-ropa","18":"tm-no-options","20":"first","21":"instock","22":"taxable","23":"shipping-taxable","24":"product-type-variable"},"acf":[],"_links":{"self":[{"href":"https:\/\/grupotextil.es\/ca\/wp-json\/wp\/v2\/product\/404456","targetHints":{"allow":["GET"]}}],"collection":[{"href":"https:\/\/grupotextil.es\/ca\/wp-json\/wp\/v2\/product"}],"about":[{"href":"https:\/\/grupotextil.es\/ca\/wp-json\/wp\/v2\/types\/product"}],"replies":[{"embeddable":true,"href":"https:\/\/grupotextil.es\/ca\/wp-json\/wp\/v2\/comments?post=404456"}],"wp:featuredmedia":[{"embeddable":true,"href":"https:\/\/grupotextil.es\/ca\/wp-json\/wp\/v2\/media\/429542"}],"wp:attachment":[{"href":"https:\/\/grupotextil.es\/ca\/wp-json\/wp\/v2\/media?parent=404456"}],"wp:term":[{"taxonomy":"product_brand","embeddable":true,"href":"https:\/\/grupotextil.es\/ca\/wp-json\/wp\/v2\/product_brand?post=404456"},{"taxonomy":"product_cat","embeddable":true,"href":"https:\/\/grupotextil.es\/ca\/wp-json\/wp\/v2\/product_cat?post=404456"},{"taxonomy":"product_tag","embeddable":true,"href":"https:\/\/grupotextil.es\/ca\/wp-json\/wp\/v2\/product_tag?post=404456"}],"curies":[{"name":"wp","href":"https:\/\/api.w.org\/{rel}","templated":true}]}}