{"id":404472,"date":"2026-03-08T05:46:13","date_gmt":"2026-03-08T04:46:13","guid":{"rendered":"https:\/\/grupotextil.es\/producto\/gorro-transpirable-y-resistente-al-viento\/"},"modified":"2026-03-08T05:46:13","modified_gmt":"2026-03-08T04:46:13","slug":"gorro-transpirable-y-resistente-al-viento","status":"publish","type":"product","link":"https:\/\/grupotextil.es\/ca\/product\/gorro-transpirable-y-resistente-al-viento\/","title":{"rendered":"Beanie transpirable y resistente al viento"},"content":{"rendered":"<ul>\n<li>50% poli\u00e9ster, 50% poliacr\u00edlico<\/li>\n<li>Forro de algod\u00f3n (jersey)<\/li>\n<li>Contiene al menos un 50% de poli\u00e9ster reciclado con 2.5 botellas aprox.<\/li>\n<li>Tejido acanalado<\/li>\n<li>Base dise\u00f1ada para una decoraci\u00f3n \u00f3ptima<\/li>\n<li>Etiqueta extra\u00edble<\/li>\n<\/ul>","protected":false},"excerpt":{"rendered":"<p>50% poli\u00e9ster, 50% poliacr\u00edlicoForro de algod\u00f3n (jersey)Contiene al menos un 50% de poli\u00e9ster reciclado con 2.<\/p>","protected":false},"featured_media":429565,"comment_status":"open","ping_status":"closed","template":"","meta":{"_acf_changed":false},"product_brand":[11655],"product_cat":[13948,13954,13939,13950,13974,13932,13930,13975,13983,13992,13973],"product_tag":[],"class_list":{"0":"post-404472","1":"product","2":"type-product","3":"status-publish","4":"has-post-thumbnail","6":"product_brand-beechfield","7":"product_cat-accesorios","8":"product_cat-acc-bolsas-y-mochilas","9":"product_cat-deportivo","10":"product_cat-gorros-y-beanies","11":"product_cat-ropa-hombre","12":"product_cat-hosteleria-horeca","13":"product_cat-laboral","14":"product_cat-ropa-mujer","15":"product_cat-h-pantalones","16":"product_cat-m-pantalones","17":"product_cat-ropa","18":"tm-no-options","20":"first","21":"instock","22":"taxable","23":"shipping-taxable","24":"product-type-variable"},"acf":[],"_links":{"self":[{"href":"https:\/\/grupotextil.es\/ca\/wp-json\/wp\/v2\/product\/404472","targetHints":{"allow":["GET"]}}],"collection":[{"href":"https:\/\/grupotextil.es\/ca\/wp-json\/wp\/v2\/product"}],"about":[{"href":"https:\/\/grupotextil.es\/ca\/wp-json\/wp\/v2\/types\/product"}],"replies":[{"embeddable":true,"href":"https:\/\/grupotextil.es\/ca\/wp-json\/wp\/v2\/comments?post=404472"}],"wp:featuredmedia":[{"embeddable":true,"href":"https:\/\/grupotextil.es\/ca\/wp-json\/wp\/v2\/media\/429565"}],"wp:attachment":[{"href":"https:\/\/grupotextil.es\/ca\/wp-json\/wp\/v2\/media?parent=404472"}],"wp:term":[{"taxonomy":"product_brand","embeddable":true,"href":"https:\/\/grupotextil.es\/ca\/wp-json\/wp\/v2\/product_brand?post=404472"},{"taxonomy":"product_cat","embeddable":true,"href":"https:\/\/grupotextil.es\/ca\/wp-json\/wp\/v2\/product_cat?post=404472"},{"taxonomy":"product_tag","embeddable":true,"href":"https:\/\/grupotextil.es\/ca\/wp-json\/wp\/v2\/product_tag?post=404472"}],"curies":[{"name":"wp","href":"https:\/\/api.w.org\/{rel}","templated":true}]}}