{"id":404477,"date":"2026-03-08T05:46:13","date_gmt":"2026-03-08T04:46:13","guid":{"rendered":"https:\/\/grupotextil.es\/producto\/chaqueta-hybrid-tourer\/"},"modified":"2026-03-08T05:46:13","modified_gmt":"2026-03-08T04:46:13","slug":"chaqueta-hybrid-tourer","status":"publish","type":"product","link":"https:\/\/grupotextil.es\/ca\/product\/chaqueta-hybrid-tourer\/","title":{"rendered":"Jacket Hybrid Tourer"},"content":{"rendered":"<ul>\n<li>37 g\/m\u00b2<\/li>\n<li>100% poliamida reciclado parcialmente<\/li>\n<li>Tecnolog\u00eda de aislamiento Warmloft down-touch<\/li>\n<li>Relleno ligero<\/li>\n<li>Repelente al agua y acabado brillante (cir\u00e9)<\/li>\n<li>Paneles laterales el\u00e1sticos Extol<\/li>\n<li>Ribete el\u00e1stico en cuello, pu\u00f1os y dobladillo<\/li>\n<li>Cremallera completa con protector de cremallera interior<\/li>\n<li>2 bolsillos inferiores con cremallera<\/li>\n<li>F\u00e1cil de comprimir<\/li>\n<\/ul>","protected":false},"excerpt":{"rendered":"<p>37 g\/m\u00b2100% poliamida reciclado parcialmenteTecnolog\u00eda de aislamiento Warmloft down-touchRelleno ligeroRepelente al agua y acabado brillante (cir\u00e9)Paneles laterales el\u00e1sticos ExtolRibete el\u00e1stico en c<\/p>","protected":false},"featured_media":429575,"comment_status":"open","ping_status":"closed","template":"","meta":{"_acf_changed":false},"product_brand":[11656],"product_cat":[13948,13954,13939,13950,13974,13932,13930,13975,13983,13992,13973],"product_tag":[],"class_list":{"0":"post-404477","1":"product","2":"type-product","3":"status-publish","4":"has-post-thumbnail","6":"product_brand-regatta","7":"product_cat-accesorios","8":"product_cat-acc-bolsas-y-mochilas","9":"product_cat-deportivo","10":"product_cat-gorros-y-beanies","11":"product_cat-ropa-hombre","12":"product_cat-hosteleria-horeca","13":"product_cat-laboral","14":"product_cat-ropa-mujer","15":"product_cat-h-pantalones","16":"product_cat-m-pantalones","17":"product_cat-ropa","18":"tm-no-options","20":"first","21":"instock","22":"taxable","23":"shipping-taxable","24":"product-type-variable"},"acf":[],"_links":{"self":[{"href":"https:\/\/grupotextil.es\/ca\/wp-json\/wp\/v2\/product\/404477","targetHints":{"allow":["GET"]}}],"collection":[{"href":"https:\/\/grupotextil.es\/ca\/wp-json\/wp\/v2\/product"}],"about":[{"href":"https:\/\/grupotextil.es\/ca\/wp-json\/wp\/v2\/types\/product"}],"replies":[{"embeddable":true,"href":"https:\/\/grupotextil.es\/ca\/wp-json\/wp\/v2\/comments?post=404477"}],"wp:featuredmedia":[{"embeddable":true,"href":"https:\/\/grupotextil.es\/ca\/wp-json\/wp\/v2\/media\/429575"}],"wp:attachment":[{"href":"https:\/\/grupotextil.es\/ca\/wp-json\/wp\/v2\/media?parent=404477"}],"wp:term":[{"taxonomy":"product_brand","embeddable":true,"href":"https:\/\/grupotextil.es\/ca\/wp-json\/wp\/v2\/product_brand?post=404477"},{"taxonomy":"product_cat","embeddable":true,"href":"https:\/\/grupotextil.es\/ca\/wp-json\/wp\/v2\/product_cat?post=404477"},{"taxonomy":"product_tag","embeddable":true,"href":"https:\/\/grupotextil.es\/ca\/wp-json\/wp\/v2\/product_tag?post=404477"}],"curies":[{"name":"wp","href":"https:\/\/api.w.org\/{rel}","templated":true}]}}