{"id":404498,"date":"2026-03-08T05:46:38","date_gmt":"2026-03-08T04:46:38","guid":{"rendered":"https:\/\/grupotextil.es\/producto\/nevera-grande-reciclada\/"},"modified":"2026-03-08T05:46:38","modified_gmt":"2026-03-08T04:46:38","slug":"nevera-grande-reciclada","status":"publish","type":"product","link":"https:\/\/grupotextil.es\/ca\/product\/nevera-grande-reciclada\/","title":{"rendered":"Nevera grande reciclado"},"content":{"rendered":"<ul>\n<li>100% poli\u00e9ster (600D, reciclado)<\/li>\n<li>Forro: 100% acetato de vinilo de polietileno (PEVA), sin BPA<\/li>\n<li>Libre de PVC<\/li>\n<li>Asas de transporte cruzadas y correa ajustable para el hombro<\/li>\n<li>Compartimento principal totalmente aislado con cremallera apto para alimentos<\/li>\n<li>Soportes internos para botellas de agua\/bloques de hielo<\/li>\n<li>Bolsillo frontal con cremallera y bolsillo lateral de malla el\u00e1stica<\/li>\n<li>Tiradores con detalles reflectantes<\/li>\n<li>Etiqueta TearAway para facilitar el cambio de marca<\/li>\n<li>Disponible en tama\u00f1o peque\u00f1o (973.29 &#8211; BG288)<\/li>\n<li>Capacidad: 25 Litros<\/li>\n<li>Medidas: 40 x 26 x 28 cm<\/li>\n<li>M\u00e1x. bordado: 13 aro tubular<\/li>\n<li>M\u00e1x. \u00e1rea de impresi\u00f3n: 32 x 13 cm.<\/li>\n<\/ul>","protected":false},"excerpt":{"rendered":"<p>100% poli\u00e9ster (600D, reciclado)Forro: 100% acetato de vinilo de polietileno (PEVA), sin BPALibre de PVCAsas de transporte cruzadas y correa ajustable para el hombroCompartimento principal totalmen&#8230;<\/p>","protected":false},"featured_media":429584,"comment_status":"open","ping_status":"closed","template":"","meta":{"_acf_changed":false},"product_brand":[11668],"product_cat":[13948,13954,13939,13950,13974,13932,13930,13975,13983,13992,13973],"product_tag":[],"class_list":{"0":"post-404498","1":"product","2":"type-product","3":"status-publish","4":"has-post-thumbnail","6":"product_brand-bag-base","7":"product_cat-accesorios","8":"product_cat-acc-bolsas-y-mochilas","9":"product_cat-deportivo","10":"product_cat-gorros-y-beanies","11":"product_cat-ropa-hombre","12":"product_cat-hosteleria-horeca","13":"product_cat-laboral","14":"product_cat-ropa-mujer","15":"product_cat-h-pantalones","16":"product_cat-m-pantalones","17":"product_cat-ropa","18":"tm-no-options","20":"first","21":"instock","22":"taxable","23":"shipping-taxable","24":"product-type-variable"},"acf":[],"_links":{"self":[{"href":"https:\/\/grupotextil.es\/ca\/wp-json\/wp\/v2\/product\/404498","targetHints":{"allow":["GET"]}}],"collection":[{"href":"https:\/\/grupotextil.es\/ca\/wp-json\/wp\/v2\/product"}],"about":[{"href":"https:\/\/grupotextil.es\/ca\/wp-json\/wp\/v2\/types\/product"}],"replies":[{"embeddable":true,"href":"https:\/\/grupotextil.es\/ca\/wp-json\/wp\/v2\/comments?post=404498"}],"wp:featuredmedia":[{"embeddable":true,"href":"https:\/\/grupotextil.es\/ca\/wp-json\/wp\/v2\/media\/429584"}],"wp:attachment":[{"href":"https:\/\/grupotextil.es\/ca\/wp-json\/wp\/v2\/media?parent=404498"}],"wp:term":[{"taxonomy":"product_brand","embeddable":true,"href":"https:\/\/grupotextil.es\/ca\/wp-json\/wp\/v2\/product_brand?post=404498"},{"taxonomy":"product_cat","embeddable":true,"href":"https:\/\/grupotextil.es\/ca\/wp-json\/wp\/v2\/product_cat?post=404498"},{"taxonomy":"product_tag","embeddable":true,"href":"https:\/\/grupotextil.es\/ca\/wp-json\/wp\/v2\/product_tag?post=404498"}],"curies":[{"name":"wp","href":"https:\/\/api.w.org\/{rel}","templated":true}]}}