{"id":404543,"date":"2026-03-08T05:46:43","date_gmt":"2026-03-08T04:46:43","guid":{"rendered":"https:\/\/grupotextil.es\/producto\/pantalon-de-trabajo-advanced\/"},"modified":"2026-03-08T05:46:43","modified_gmt":"2026-03-08T04:46:43","slug":"pantalon-de-trabajo-advanced","status":"publish","type":"product","link":"https:\/\/grupotextil.es\/ca\/product\/pantalon-de-trabajo-advanced\/","title":{"rendered":"Trouser de trabajo Advanced"},"content":{"rendered":"<ul>\n<li>245 g\/m\u00b2<\/li>\n<li>65% poli\u00e9ster<\/li>\n<li>35% algod\u00f3n sarga con refuerzos de cordura<\/li>\n<li>Cintura el\u00e1stica ajustable con trabillas<\/li>\n<li>Bolsillos traseros (con cinta con sistema autocierre de gancho y solapa a la derecha)<\/li>\n<li>Bolsillos anchos<\/li>\n<li>Bolsillos multifunci\u00f3n en las piernas<\/li>\n<li>D-ring<\/li>\n<\/ul>","protected":false},"excerpt":{"rendered":"<p>245 g\/m\u00b265% poli\u00e9ster35% algod\u00f3n sarga con refuerzos de corduraCintura el\u00e1stica ajustable con trabillasBolsillos traseros (con cinta con sistema autocierre de gancho y solapa a la derecha)Bolsillos an<\/p>","protected":false},"featured_media":429645,"comment_status":"open","ping_status":"closed","template":"","meta":{"_acf_changed":false},"product_brand":[11653],"product_cat":[13948,13954,13939,13950,13974,13932,13930,13975,13983,13992,13973],"product_tag":[],"class_list":{"0":"post-404543","1":"product","2":"type-product","3":"status-publish","4":"has-post-thumbnail","6":"product_brand-b-c","7":"product_cat-accesorios","8":"product_cat-acc-bolsas-y-mochilas","9":"product_cat-deportivo","10":"product_cat-gorros-y-beanies","11":"product_cat-ropa-hombre","12":"product_cat-hosteleria-horeca","13":"product_cat-laboral","14":"product_cat-ropa-mujer","15":"product_cat-h-pantalones","16":"product_cat-m-pantalones","17":"product_cat-ropa","18":"tm-no-options","20":"first","21":"instock","22":"taxable","23":"shipping-taxable","24":"product-type-variable"},"acf":[],"_links":{"self":[{"href":"https:\/\/grupotextil.es\/ca\/wp-json\/wp\/v2\/product\/404543","targetHints":{"allow":["GET"]}}],"collection":[{"href":"https:\/\/grupotextil.es\/ca\/wp-json\/wp\/v2\/product"}],"about":[{"href":"https:\/\/grupotextil.es\/ca\/wp-json\/wp\/v2\/types\/product"}],"replies":[{"embeddable":true,"href":"https:\/\/grupotextil.es\/ca\/wp-json\/wp\/v2\/comments?post=404543"}],"wp:featuredmedia":[{"embeddable":true,"href":"https:\/\/grupotextil.es\/ca\/wp-json\/wp\/v2\/media\/429645"}],"wp:attachment":[{"href":"https:\/\/grupotextil.es\/ca\/wp-json\/wp\/v2\/media?parent=404543"}],"wp:term":[{"taxonomy":"product_brand","embeddable":true,"href":"https:\/\/grupotextil.es\/ca\/wp-json\/wp\/v2\/product_brand?post=404543"},{"taxonomy":"product_cat","embeddable":true,"href":"https:\/\/grupotextil.es\/ca\/wp-json\/wp\/v2\/product_cat?post=404543"},{"taxonomy":"product_tag","embeddable":true,"href":"https:\/\/grupotextil.es\/ca\/wp-json\/wp\/v2\/product_tag?post=404543"}],"curies":[{"name":"wp","href":"https:\/\/api.w.org\/{rel}","templated":true}]}}