{"id":404556,"date":"2026-03-08T05:46:44","date_gmt":"2026-03-08T04:46:44","guid":{"rendered":"https:\/\/grupotextil.es\/producto\/mochila-enrollable-pu-mate\/"},"modified":"2026-03-08T05:46:44","modified_gmt":"2026-03-08T04:46:44","slug":"mochila-enrollable-pu-mate","status":"publish","type":"product","link":"https:\/\/grupotextil.es\/ca\/product\/mochila-enrollable-pu-mate\/","title":{"rendered":"Mochila enrollable PU mate"},"content":{"rendered":"<ul>\n<li>100% Poli\u00e9ster (Reciclado) con revestimiento de cuero PU<\/li>\n<li>Libre de PVC<\/li>\n<li>Aspecto moderno mate y estilo minimalista<\/li>\n<li>Repelente al agua<\/li>\n<li>Asa de mano y correas para los hombros acolchadas y ajustables<\/li>\n<li>Cierre enrollable con cierre de gancho seguro<\/li>\n<li>Funda interior acolchada para port\u00e1til, compatible hasta 15,6<\/li>\n<li>Bolsillo frontal con cremallera<\/li>\n<li>Bolsillo interior para botella<\/li>\n<li>Panel base de doble capa para mayor estabilidad<\/li>\n<li>Etiqueta TearAway para facilitar el cambio de marca<\/li>\n<li>Capacidad: 15 Litros<\/li>\n<li>Medidas: 28 x 43 x 13 cm<\/li>\n<li>M\u00e1x. bordado: 20 aro tubular<\/li>\n<li>M\u00e1x. \u00e1rea de impresi\u00f3n: 23 x 23 cm<\/li>\n<\/ul>","protected":false},"excerpt":{"rendered":"<p>100% Poli\u00e9ster (Reciclado) con revestimiento de cuero PULibre de PVCAspecto moderno mate y estilo minimalistaRepelente al aguaAsa de mano y correas para los hombros acolchadas y ajustablesCierre en&#8230;<\/p>","protected":false},"featured_media":429659,"comment_status":"open","ping_status":"closed","template":"","meta":{"_acf_changed":false},"product_brand":[11668],"product_cat":[13948,13954,13939,13950,13974,13932,13930,13975,13983,13992,13973],"product_tag":[],"class_list":{"0":"post-404556","1":"product","2":"type-product","3":"status-publish","4":"has-post-thumbnail","6":"product_brand-bag-base","7":"product_cat-accesorios","8":"product_cat-acc-bolsas-y-mochilas","9":"product_cat-deportivo","10":"product_cat-gorros-y-beanies","11":"product_cat-ropa-hombre","12":"product_cat-hosteleria-horeca","13":"product_cat-laboral","14":"product_cat-ropa-mujer","15":"product_cat-h-pantalones","16":"product_cat-m-pantalones","17":"product_cat-ropa","18":"tm-no-options","20":"first","21":"instock","22":"taxable","23":"shipping-taxable","24":"product-type-variable"},"acf":[],"_links":{"self":[{"href":"https:\/\/grupotextil.es\/ca\/wp-json\/wp\/v2\/product\/404556","targetHints":{"allow":["GET"]}}],"collection":[{"href":"https:\/\/grupotextil.es\/ca\/wp-json\/wp\/v2\/product"}],"about":[{"href":"https:\/\/grupotextil.es\/ca\/wp-json\/wp\/v2\/types\/product"}],"replies":[{"embeddable":true,"href":"https:\/\/grupotextil.es\/ca\/wp-json\/wp\/v2\/comments?post=404556"}],"wp:featuredmedia":[{"embeddable":true,"href":"https:\/\/grupotextil.es\/ca\/wp-json\/wp\/v2\/media\/429659"}],"wp:attachment":[{"href":"https:\/\/grupotextil.es\/ca\/wp-json\/wp\/v2\/media?parent=404556"}],"wp:term":[{"taxonomy":"product_brand","embeddable":true,"href":"https:\/\/grupotextil.es\/ca\/wp-json\/wp\/v2\/product_brand?post=404556"},{"taxonomy":"product_cat","embeddable":true,"href":"https:\/\/grupotextil.es\/ca\/wp-json\/wp\/v2\/product_cat?post=404556"},{"taxonomy":"product_tag","embeddable":true,"href":"https:\/\/grupotextil.es\/ca\/wp-json\/wp\/v2\/product_tag?post=404556"}],"curies":[{"name":"wp","href":"https:\/\/api.w.org\/{rel}","templated":true}]}}