{"id":404630,"date":"2026-03-08T05:46:48","date_gmt":"2026-03-08T04:46:48","guid":{"rendered":"https:\/\/grupotextil.es\/producto\/gorro-canale-cosy\/"},"modified":"2026-03-08T05:46:48","modified_gmt":"2026-03-08T04:46:48","slug":"gorro-canale-cosy","status":"publish","type":"product","link":"https:\/\/grupotextil.es\/ca\/product\/gorro-canale-cosy\/","title":{"rendered":"Beanie canal\u00e9 Cosy"},"content":{"rendered":"<ul>\n<li>74% poliacr\u00edlico, 23% nailon, 3% elastano<\/li>\n<li>Hilo suave al tacto<\/li>\n<li>Punto de doble capa<\/li>\n<li>Dise\u00f1o con dobladillo ancho para una decoraci\u00f3n \u00f3ptima<\/li>\n<li>Etiqueta TearAway para facilitar el cambio de marca<\/li>\n<\/ul>","protected":false},"excerpt":{"rendered":"<p>74% poliacr\u00edlico, 23% nailon, 3% elastanoHilo suave al tactoPunto de doble capaDise\u00f1o con dobladillo ancho para una decoraci\u00f3n \u00f3ptimaEtiqueta TearAway para facilitar el cambio de marca<\/p>","protected":false},"featured_media":429710,"comment_status":"open","ping_status":"closed","template":"","meta":{"_acf_changed":false},"product_brand":[11655],"product_cat":[13948,13954,13939,13950,13974,13932,13930,13975,13983,13992,13973],"product_tag":[],"class_list":{"0":"post-404630","1":"product","2":"type-product","3":"status-publish","4":"has-post-thumbnail","6":"product_brand-beechfield","7":"product_cat-accesorios","8":"product_cat-acc-bolsas-y-mochilas","9":"product_cat-deportivo","10":"product_cat-gorros-y-beanies","11":"product_cat-ropa-hombre","12":"product_cat-hosteleria-horeca","13":"product_cat-laboral","14":"product_cat-ropa-mujer","15":"product_cat-h-pantalones","16":"product_cat-m-pantalones","17":"product_cat-ropa","18":"tm-no-options","20":"first","21":"instock","22":"taxable","23":"shipping-taxable","24":"product-type-variable"},"acf":[],"_links":{"self":[{"href":"https:\/\/grupotextil.es\/ca\/wp-json\/wp\/v2\/product\/404630","targetHints":{"allow":["GET"]}}],"collection":[{"href":"https:\/\/grupotextil.es\/ca\/wp-json\/wp\/v2\/product"}],"about":[{"href":"https:\/\/grupotextil.es\/ca\/wp-json\/wp\/v2\/types\/product"}],"replies":[{"embeddable":true,"href":"https:\/\/grupotextil.es\/ca\/wp-json\/wp\/v2\/comments?post=404630"}],"wp:featuredmedia":[{"embeddable":true,"href":"https:\/\/grupotextil.es\/ca\/wp-json\/wp\/v2\/media\/429710"}],"wp:attachment":[{"href":"https:\/\/grupotextil.es\/ca\/wp-json\/wp\/v2\/media?parent=404630"}],"wp:term":[{"taxonomy":"product_brand","embeddable":true,"href":"https:\/\/grupotextil.es\/ca\/wp-json\/wp\/v2\/product_brand?post=404630"},{"taxonomy":"product_cat","embeddable":true,"href":"https:\/\/grupotextil.es\/ca\/wp-json\/wp\/v2\/product_cat?post=404630"},{"taxonomy":"product_tag","embeddable":true,"href":"https:\/\/grupotextil.es\/ca\/wp-json\/wp\/v2\/product_tag?post=404630"}],"curies":[{"name":"wp","href":"https:\/\/api.w.org\/{rel}","templated":true}]}}