{"id":404670,"date":"2026-03-08T05:46:50","date_gmt":"2026-03-08T04:46:50","guid":{"rendered":"https:\/\/grupotextil.es\/producto\/llavero-pulsera-boutique\/"},"modified":"2026-03-08T05:46:50","modified_gmt":"2026-03-08T04:46:50","slug":"llavero-pulsera-boutique","status":"publish","type":"product","link":"https:\/\/grupotextil.es\/ca\/product\/llavero-pulsera-boutique\/","title":{"rendered":"Llavero pulsera Boutique"},"content":{"rendered":"<ul>\n<li>100% poliuretano (apariencia cuero)<\/li>\n<li>Grano fino Saffiano<\/li>\n<li>Clip de llave de metal de alto brillo<\/li>\n<li>Dise\u00f1ado para la decoraci\u00f3n<\/li>\n<li>Compatible con bolsos y accesorios de la colecci\u00f3n Boutique<\/li>\n<li>Dimensiones: 13 x 2,6 cm<\/li>\n<li>M\u00e1x. \u00e1rea de impresi\u00f3n: 8 x 1,5 cm<\/li>\n<\/ul>","protected":false},"excerpt":{"rendered":"<p>100% poliuretano (apariencia cuero)Grano fino SaffianoClip de llave de metal de alto brilloDise\u00f1ado para la decoraci\u00f3nCompatible con bolsos y accesorios de la colecci\u00f3n BoutiqueDimensiones: 13 x 2,&#8230;<\/p>","protected":false},"featured_media":429751,"comment_status":"open","ping_status":"closed","template":"","meta":{"_acf_changed":false},"product_brand":[11668],"product_cat":[13948,13954,13950,13974,13930,13975,13973],"product_tag":[],"class_list":{"0":"post-404670","1":"product","2":"type-product","3":"status-publish","4":"has-post-thumbnail","6":"product_brand-bag-base","7":"product_cat-accesorios","8":"product_cat-acc-bolsas-y-mochilas","9":"product_cat-gorros-y-beanies","10":"product_cat-ropa-hombre","11":"product_cat-laboral","12":"product_cat-ropa-mujer","13":"product_cat-ropa","14":"tm-no-options","16":"first","17":"instock","18":"taxable","19":"shipping-taxable","20":"product-type-variable"},"acf":[],"_links":{"self":[{"href":"https:\/\/grupotextil.es\/ca\/wp-json\/wp\/v2\/product\/404670","targetHints":{"allow":["GET"]}}],"collection":[{"href":"https:\/\/grupotextil.es\/ca\/wp-json\/wp\/v2\/product"}],"about":[{"href":"https:\/\/grupotextil.es\/ca\/wp-json\/wp\/v2\/types\/product"}],"replies":[{"embeddable":true,"href":"https:\/\/grupotextil.es\/ca\/wp-json\/wp\/v2\/comments?post=404670"}],"wp:featuredmedia":[{"embeddable":true,"href":"https:\/\/grupotextil.es\/ca\/wp-json\/wp\/v2\/media\/429751"}],"wp:attachment":[{"href":"https:\/\/grupotextil.es\/ca\/wp-json\/wp\/v2\/media?parent=404670"}],"wp:term":[{"taxonomy":"product_brand","embeddable":true,"href":"https:\/\/grupotextil.es\/ca\/wp-json\/wp\/v2\/product_brand?post=404670"},{"taxonomy":"product_cat","embeddable":true,"href":"https:\/\/grupotextil.es\/ca\/wp-json\/wp\/v2\/product_cat?post=404670"},{"taxonomy":"product_tag","embeddable":true,"href":"https:\/\/grupotextil.es\/ca\/wp-json\/wp\/v2\/product_tag?post=404670"}],"curies":[{"name":"wp","href":"https:\/\/api.w.org\/{rel}","templated":true}]}}