{"id":404724,"date":"2026-03-08T05:46:53","date_gmt":"2026-03-08T04:46:53","guid":{"rendered":"https:\/\/grupotextil.es\/producto\/bolsa-bandolera-tacto-suave-boutique\/"},"modified":"2026-03-08T05:46:53","modified_gmt":"2026-03-08T04:46:53","slug":"bolsa-bandolera-tacto-suave-boutique","status":"publish","type":"product","link":"https:\/\/grupotextil.es\/ca\/product\/bolsa-bandolera-tacto-suave-boutique\/","title":{"rendered":"Bag Bandolera tacto suave Boutique"},"content":{"rendered":"<ul>\n<li>100% poliuretano (apariencia cuero)<\/li>\n<li>Grano fino Saffiano<\/li>\n<li>Forro suave al tacto<\/li>\n<li>Correa de hombro ajustable y desmontable<\/li>\n<li>Compartimento principal con cremallera met\u00e1lica dorada de alto brillo<\/li>\n<li>Bolsillos internos, divisores y bolsillo interno con cremallera para objetos de valor<\/li>\n<li>Etiqueta TearAway para facilitar el cambio de marca<\/li>\n<li>Compatible con correa de bolso ajustable Boutique (969.29 &#8211; BG765)<\/li>\n<li>Capacidad: 1,5 litros<\/li>\n<li>Medidas: 23 x 3,5 x 16 cm<\/li>\n<li>M\u00e1x. bordado: 9 aro tubular<\/li>\n<li>M\u00e1x. \u00e1rea de impresi\u00f3n: 11 x 18 cm<\/li>\n<\/ul>","protected":false},"excerpt":{"rendered":"<p>100% poliuretano (apariencia cuero)Grano fino SaffianoForro suave al tactoCorrea de hombro ajustable y desmontableCompartimento principal con cremallera met\u00e1lica dorada de alto brilloBolsillos inte&#8230;<\/p>","protected":false},"featured_media":429791,"comment_status":"open","ping_status":"closed","template":"","meta":{"_acf_changed":false},"product_brand":[11668],"product_cat":[13948,13954,13950,13974,13930,13975,13973],"product_tag":[],"class_list":{"0":"post-404724","1":"product","2":"type-product","3":"status-publish","4":"has-post-thumbnail","6":"product_brand-bag-base","7":"product_cat-accesorios","8":"product_cat-acc-bolsas-y-mochilas","9":"product_cat-gorros-y-beanies","10":"product_cat-ropa-hombre","11":"product_cat-laboral","12":"product_cat-ropa-mujer","13":"product_cat-ropa","14":"tm-no-options","16":"first","17":"instock","18":"taxable","19":"shipping-taxable","20":"product-type-variable"},"acf":[],"_links":{"self":[{"href":"https:\/\/grupotextil.es\/ca\/wp-json\/wp\/v2\/product\/404724","targetHints":{"allow":["GET"]}}],"collection":[{"href":"https:\/\/grupotextil.es\/ca\/wp-json\/wp\/v2\/product"}],"about":[{"href":"https:\/\/grupotextil.es\/ca\/wp-json\/wp\/v2\/types\/product"}],"replies":[{"embeddable":true,"href":"https:\/\/grupotextil.es\/ca\/wp-json\/wp\/v2\/comments?post=404724"}],"wp:featuredmedia":[{"embeddable":true,"href":"https:\/\/grupotextil.es\/ca\/wp-json\/wp\/v2\/media\/429791"}],"wp:attachment":[{"href":"https:\/\/grupotextil.es\/ca\/wp-json\/wp\/v2\/media?parent=404724"}],"wp:term":[{"taxonomy":"product_brand","embeddable":true,"href":"https:\/\/grupotextil.es\/ca\/wp-json\/wp\/v2\/product_brand?post=404724"},{"taxonomy":"product_cat","embeddable":true,"href":"https:\/\/grupotextil.es\/ca\/wp-json\/wp\/v2\/product_cat?post=404724"},{"taxonomy":"product_tag","embeddable":true,"href":"https:\/\/grupotextil.es\/ca\/wp-json\/wp\/v2\/product_tag?post=404724"}],"curies":[{"name":"wp","href":"https:\/\/api.w.org\/{rel}","templated":true}]}}