{"id":404788,"date":"2026-03-08T05:47:08","date_gmt":"2026-03-08T04:47:08","guid":{"rendered":"https:\/\/grupotextil.es\/producto\/gorro-de-algodon-organico-con-parche\/"},"modified":"2026-03-08T05:47:08","modified_gmt":"2026-03-08T04:47:08","slug":"gorro-de-algodon-organico-con-parche","status":"publish","type":"product","link":"https:\/\/grupotextil.es\/ca\/product\/gorro-de-algodon-organico-con-parche\/","title":{"rendered":"Beanie de algod\u00f3n org\u00e1nico con parche"},"content":{"rendered":"<ul>\n<li>100% Algod\u00f3n (Org\u00e1nico)<\/li>\n<li>Tejido ligero y transpirable<\/li>\n<li>Punto de una sola capa<\/li>\n<li>Corona dise\u00f1ada para m\u00e1xima comodidad<\/li>\n<li>Parche dise\u00f1ado para facilitar la decoraci\u00f3n<\/li>\n<li>Dise\u00f1o con dobladillo para una decoraci\u00f3n \u00f3ptima<\/li>\n<li>Etiqueta extra\u00edble para facilitar el cambio de marca<\/li>\n<li>Max. \u00e1rea de impresi\u00f3n: 11 x 5cm<\/li>\n<\/ul>","protected":false},"excerpt":{"rendered":"<p>100% Algod\u00f3n (Org\u00e1nico)Tejido ligero y transpirablePunto de una sola capaCorona dise\u00f1ada para m\u00e1xima comodidadParche dise\u00f1ado para facilitar la decoraci\u00f3nDise\u00f1o con dobladillo para una decoraci\u00f3n \u00f3&#8230;<\/p>","protected":false},"featured_media":429841,"comment_status":"open","ping_status":"closed","template":"","meta":{"_acf_changed":false},"product_brand":[11655],"product_cat":[13948,13954,13950,13974,13930,13975,13973],"product_tag":[],"class_list":{"0":"post-404788","1":"product","2":"type-product","3":"status-publish","4":"has-post-thumbnail","6":"product_brand-beechfield","7":"product_cat-accesorios","8":"product_cat-acc-bolsas-y-mochilas","9":"product_cat-gorros-y-beanies","10":"product_cat-ropa-hombre","11":"product_cat-laboral","12":"product_cat-ropa-mujer","13":"product_cat-ropa","14":"tm-no-options","16":"first","17":"instock","18":"taxable","19":"shipping-taxable","20":"product-type-variable"},"acf":[],"_links":{"self":[{"href":"https:\/\/grupotextil.es\/ca\/wp-json\/wp\/v2\/product\/404788","targetHints":{"allow":["GET"]}}],"collection":[{"href":"https:\/\/grupotextil.es\/ca\/wp-json\/wp\/v2\/product"}],"about":[{"href":"https:\/\/grupotextil.es\/ca\/wp-json\/wp\/v2\/types\/product"}],"replies":[{"embeddable":true,"href":"https:\/\/grupotextil.es\/ca\/wp-json\/wp\/v2\/comments?post=404788"}],"wp:featuredmedia":[{"embeddable":true,"href":"https:\/\/grupotextil.es\/ca\/wp-json\/wp\/v2\/media\/429841"}],"wp:attachment":[{"href":"https:\/\/grupotextil.es\/ca\/wp-json\/wp\/v2\/media?parent=404788"}],"wp:term":[{"taxonomy":"product_brand","embeddable":true,"href":"https:\/\/grupotextil.es\/ca\/wp-json\/wp\/v2\/product_brand?post=404788"},{"taxonomy":"product_cat","embeddable":true,"href":"https:\/\/grupotextil.es\/ca\/wp-json\/wp\/v2\/product_cat?post=404788"},{"taxonomy":"product_tag","embeddable":true,"href":"https:\/\/grupotextil.es\/ca\/wp-json\/wp\/v2\/product_tag?post=404788"}],"curies":[{"name":"wp","href":"https:\/\/api.w.org\/{rel}","templated":true}]}}