{"id":404932,"date":"2026-03-08T05:47:55","date_gmt":"2026-03-08T04:47:55","guid":{"rendered":"https:\/\/grupotextil.es\/producto\/chaleco-multi-cremallera-steller\/"},"modified":"2026-03-08T05:47:55","modified_gmt":"2026-03-08T04:47:55","slug":"chaleco-multi-cremallera-steller","status":"publish","type":"product","link":"https:\/\/grupotextil.es\/ca\/product\/chaleco-multi-cremallera-steller\/","title":{"rendered":"Vest Multi-cremallera Steller"},"content":{"rendered":"<ul>\n<li>105 g\/m\u00b2<\/li>\n<li>100% poli\u00e9ster (ripstop) con revestimiento de PU<\/li>\n<li>Forro c\u00e1lido de tafet\u00e1n<\/li>\n<li>Aislamiento Thermo-Guard (220 g\/m\u00b2), reciclado<\/li>\n<li>Cremallera completa con protector interior<\/li>\n<li>Bolsillo en el pecho con cremallera<\/li>\n<li>2 bolsillos inferiores con cremallera adicionales<\/li>\n<li>2 bolsillos de parche inferiores con entrada lateral para calentar las manos<\/li>\n<li>Bolsillo para tel\u00e9fono m\u00f3vil y bol\u00edgrafo<\/li>\n<li>Bolsillo interno<\/li>\n<li>Acceso interno al bordado con cremallera<\/li>\n<\/ul>","protected":false},"excerpt":{"rendered":"<p>105 g\/m\u00b2100% poli\u00e9ster (ripstop) con revestimiento de PUForro c\u00e1lido de tafet\u00e1nAislamiento Thermo-Guard (220 g\/m\u00b2), recicladoCremallera completa con protector interiorBolsillo en el pecho con cremalle<\/p>","protected":false},"featured_media":429952,"comment_status":"open","ping_status":"closed","template":"","meta":{"_acf_changed":false},"product_brand":[11656],"product_cat":[13954,13950,13974,13932,13930,13975,13973],"product_tag":[],"class_list":{"0":"post-404932","1":"product","2":"type-product","3":"status-publish","4":"has-post-thumbnail","6":"product_brand-regatta","7":"product_cat-acc-bolsas-y-mochilas","8":"product_cat-gorros-y-beanies","9":"product_cat-ropa-hombre","10":"product_cat-hosteleria-horeca","11":"product_cat-laboral","12":"product_cat-ropa-mujer","13":"product_cat-ropa","14":"tm-no-options","16":"first","17":"instock","18":"taxable","19":"shipping-taxable","20":"product-type-variable"},"acf":[],"_links":{"self":[{"href":"https:\/\/grupotextil.es\/ca\/wp-json\/wp\/v2\/product\/404932","targetHints":{"allow":["GET"]}}],"collection":[{"href":"https:\/\/grupotextil.es\/ca\/wp-json\/wp\/v2\/product"}],"about":[{"href":"https:\/\/grupotextil.es\/ca\/wp-json\/wp\/v2\/types\/product"}],"replies":[{"embeddable":true,"href":"https:\/\/grupotextil.es\/ca\/wp-json\/wp\/v2\/comments?post=404932"}],"wp:featuredmedia":[{"embeddable":true,"href":"https:\/\/grupotextil.es\/ca\/wp-json\/wp\/v2\/media\/429952"}],"wp:attachment":[{"href":"https:\/\/grupotextil.es\/ca\/wp-json\/wp\/v2\/media?parent=404932"}],"wp:term":[{"taxonomy":"product_brand","embeddable":true,"href":"https:\/\/grupotextil.es\/ca\/wp-json\/wp\/v2\/product_brand?post=404932"},{"taxonomy":"product_cat","embeddable":true,"href":"https:\/\/grupotextil.es\/ca\/wp-json\/wp\/v2\/product_cat?post=404932"},{"taxonomy":"product_tag","embeddable":true,"href":"https:\/\/grupotextil.es\/ca\/wp-json\/wp\/v2\/product_tag?post=404932"}],"curies":[{"name":"wp","href":"https:\/\/api.w.org\/{rel}","templated":true}]}}