{"id":404982,"date":"2026-03-08T05:48:12","date_gmt":"2026-03-08T04:48:12","guid":{"rendered":"https:\/\/grupotextil.es\/producto\/tarjetero-matte-pu\/"},"modified":"2026-03-08T05:48:12","modified_gmt":"2026-03-08T04:48:12","slug":"tarjetero-matte-pu","status":"publish","type":"product","link":"https:\/\/grupotextil.es\/ca\/product\/tarjetero-matte-pu\/","title":{"rendered":"Tarjetero Matte PU"},"content":{"rendered":"<ul>\n<li>100% Poli\u00e9ster (Reciclado) con revestimiento de PU<\/li>\n<li>Sin PVC<\/li>\n<li>Aspecto mate moderno y estilo minimalista.<\/li>\n<li>Hidr\u00f3fugo<\/li>\n<li>Capacidad para 4 tarjetas de cr\u00e9dito.<\/li>\n<li>Cremalleras de goma<\/li>\n<li>Se puede decorar delante y detr\u00e1s<\/li>\n<li>Etiqueta extra\u00edble para facilitar el cambio de marca<\/li>\n<li>Dimensiones: 7x13cm<\/li>\n<li>M\u00e1x. \u00e1rea de impresi\u00f3n: 6x12cm.<\/li>\n<\/ul>","protected":false},"excerpt":{"rendered":"<p>100% Poli\u00e9ster (Reciclado) con revestimiento de PUSin PVCAspecto mate moderno y estilo minimalista.Hidr\u00f3fugoCapacidad para 4 tarjetas de cr\u00e9dito.Cremalleras de gomaSe puede decorar delante y detr\u00e1s&#8230;<\/p>","protected":false},"featured_media":429998,"comment_status":"open","ping_status":"closed","template":"","meta":{"_acf_changed":false},"product_brand":[11668],"product_cat":[13954,13950,13974,13932,13930,13975,13973],"product_tag":[],"class_list":{"0":"post-404982","1":"product","2":"type-product","3":"status-publish","4":"has-post-thumbnail","6":"product_brand-bag-base","7":"product_cat-acc-bolsas-y-mochilas","8":"product_cat-gorros-y-beanies","9":"product_cat-ropa-hombre","10":"product_cat-hosteleria-horeca","11":"product_cat-laboral","12":"product_cat-ropa-mujer","13":"product_cat-ropa","14":"tm-no-options","16":"first","17":"instock","18":"taxable","19":"shipping-taxable","20":"product-type-variable"},"acf":[],"_links":{"self":[{"href":"https:\/\/grupotextil.es\/ca\/wp-json\/wp\/v2\/product\/404982","targetHints":{"allow":["GET"]}}],"collection":[{"href":"https:\/\/grupotextil.es\/ca\/wp-json\/wp\/v2\/product"}],"about":[{"href":"https:\/\/grupotextil.es\/ca\/wp-json\/wp\/v2\/types\/product"}],"replies":[{"embeddable":true,"href":"https:\/\/grupotextil.es\/ca\/wp-json\/wp\/v2\/comments?post=404982"}],"wp:featuredmedia":[{"embeddable":true,"href":"https:\/\/grupotextil.es\/ca\/wp-json\/wp\/v2\/media\/429998"}],"wp:attachment":[{"href":"https:\/\/grupotextil.es\/ca\/wp-json\/wp\/v2\/media?parent=404982"}],"wp:term":[{"taxonomy":"product_brand","embeddable":true,"href":"https:\/\/grupotextil.es\/ca\/wp-json\/wp\/v2\/product_brand?post=404982"},{"taxonomy":"product_cat","embeddable":true,"href":"https:\/\/grupotextil.es\/ca\/wp-json\/wp\/v2\/product_cat?post=404982"},{"taxonomy":"product_tag","embeddable":true,"href":"https:\/\/grupotextil.es\/ca\/wp-json\/wp\/v2\/product_tag?post=404982"}],"curies":[{"name":"wp","href":"https:\/\/api.w.org\/{rel}","templated":true}]}}