{"id":454554,"date":"2026-03-13T06:54:10","date_gmt":"2026-03-13T05:54:10","guid":{"rendered":"https:\/\/grupotextil.es\/producto\/kid-calcio\/"},"modified":"2026-03-13T06:54:10","modified_gmt":"2026-03-13T05:54:10","slug":"kid-calcio","status":"publish","type":"product","link":"https:\/\/grupotextil.es\/ca\/product\/kid-calcio\/","title":{"rendered":"Kid Calcio"},"content":{"rendered":"<p><strong>Camiseta en contraste de f&uacute;tbol para ni&ntilde;o<\/strong>. Combinaci&oacute;n de tejido interlock con tejido de rejilla y fald&oacute;n trasero. Disponible en 7 colores y desde la talla S hasta la talla XXL. (Para tallas m&aacute;s grandes, consultar en la camiseta de hombre REF: CALCIOTSA ).<\/p>\n<p>Caracter&iacute;sticas:<\/p>\n<ul>\n<li>Tejido interlock combinado con tejido de rejilla en contraste.<\/li>\n<li>140 g\/m&sup2;<\/li>\n<li>100% Poli&eacute;ster<\/li>\n<li>Etiqueta impresa en el cuello<\/li>\n<\/ul>","protected":false},"excerpt":{"rendered":"<p>Camiseta en contraste de f\u00fatbol para ni\u00f1o. Combinaci\u00f3n de tejido interlock con tejido de rejilla y fald\u00f3n trasero. Disponible en 7 colores y desde la talla S hasta la talla XXL. (Para tallas m\u00e1s grandes, consultar en la camiseta de hombre REF: CALCIOTSA ).Caracter\u00edsticas:Tejido interlock combi<\/p>","protected":false},"featured_media":454555,"comment_status":"open","ping_status":"closed","template":"","meta":{"_acf_changed":false},"product_brand":[],"product_cat":[13977,13986,13974,13975,13973],"product_tag":[],"class_list":{"0":"post-454554","1":"product","2":"type-product","3":"status-publish","4":"has-post-thumbnail","6":"product_cat-h-camisetas-manga-corta","7":"product_cat-m-camisetas-manga-corta","8":"product_cat-ropa-hombre","9":"product_cat-ropa-mujer","10":"product_cat-ropa","11":"tm-no-options","13":"first","14":"instock","15":"taxable","16":"shipping-taxable","17":"product-type-variable"},"acf":[],"_links":{"self":[{"href":"https:\/\/grupotextil.es\/ca\/wp-json\/wp\/v2\/product\/454554","targetHints":{"allow":["GET"]}}],"collection":[{"href":"https:\/\/grupotextil.es\/ca\/wp-json\/wp\/v2\/product"}],"about":[{"href":"https:\/\/grupotextil.es\/ca\/wp-json\/wp\/v2\/types\/product"}],"replies":[{"embeddable":true,"href":"https:\/\/grupotextil.es\/ca\/wp-json\/wp\/v2\/comments?post=454554"}],"wp:featuredmedia":[{"embeddable":true,"href":"https:\/\/grupotextil.es\/ca\/wp-json\/wp\/v2\/media\/454555"}],"wp:attachment":[{"href":"https:\/\/grupotextil.es\/ca\/wp-json\/wp\/v2\/media?parent=454554"}],"wp:term":[{"taxonomy":"product_brand","embeddable":true,"href":"https:\/\/grupotextil.es\/ca\/wp-json\/wp\/v2\/product_brand?post=454554"},{"taxonomy":"product_cat","embeddable":true,"href":"https:\/\/grupotextil.es\/ca\/wp-json\/wp\/v2\/product_cat?post=454554"},{"taxonomy":"product_tag","embeddable":true,"href":"https:\/\/grupotextil.es\/ca\/wp-json\/wp\/v2\/product_tag?post=454554"}],"curies":[{"name":"wp","href":"https:\/\/api.w.org\/{rel}","templated":true}]}}