{"id":454650,"date":"2026-03-13T06:54:43","date_gmt":"2026-03-13T05:54:43","guid":{"rendered":"https:\/\/grupotextil.es\/producto\/kid-celtic\/"},"modified":"2026-03-13T06:54:43","modified_gmt":"2026-03-13T05:54:43","slug":"kid-celtic","status":"publish","type":"product","link":"https:\/\/grupotextil.es\/ca\/product\/kid-celtic\/","title":{"rendered":"Kid Celtic"},"content":{"rendered":"<p><strong>Camiseta de rayas horizontales de f&uacute;tbol para ni&ntilde;o con cuello de pico<\/strong>. Disponible en 7 colores y desde la talla 5\/6 a&ntilde;os hasta la talla S. (Para tallas m&aacute;s grandes, consultar en la camiseta de hombre REF: CELTICTSA ).<\/p>\n<p>Caracter&iacute;sticas:<\/p>\n<ul>\n<li>Cuello de pico.<\/li>\n<li>140 g\/m&sup2;<\/li>\n<li>100% Poli&eacute;ster<\/li>\n<li>Etiqueta impresa en el cuello<\/li>\n<\/ul>","protected":false},"excerpt":{"rendered":"<p>Camiseta de rayas horizontales de f\u00fatbol para ni\u00f1o con cuello de pico. Disponible en 7 colores y desde la talla 5\/6 a\u00f1os hasta la talla S. (Para tallas m\u00e1s grandes, consultar en la camiseta de hombre REF: CELTICTSA ).Caracter\u00edsticas:Cuello de pico.140 g\/m\u00b2100% Poli\u00e9sterEtiqueta impresa en el <\/p>","protected":false},"featured_media":454651,"comment_status":"open","ping_status":"closed","template":"","meta":{"_acf_changed":false},"product_brand":[],"product_cat":[13976,13973],"product_tag":[],"class_list":{"0":"post-454650","1":"product","2":"type-product","3":"status-publish","4":"has-post-thumbnail","6":"product_cat-ropa-nino","7":"product_cat-ropa","8":"tm-no-options","10":"first","11":"instock","12":"taxable","13":"shipping-taxable","14":"product-type-variable"},"acf":[],"_links":{"self":[{"href":"https:\/\/grupotextil.es\/ca\/wp-json\/wp\/v2\/product\/454650","targetHints":{"allow":["GET"]}}],"collection":[{"href":"https:\/\/grupotextil.es\/ca\/wp-json\/wp\/v2\/product"}],"about":[{"href":"https:\/\/grupotextil.es\/ca\/wp-json\/wp\/v2\/types\/product"}],"replies":[{"embeddable":true,"href":"https:\/\/grupotextil.es\/ca\/wp-json\/wp\/v2\/comments?post=454650"}],"wp:featuredmedia":[{"embeddable":true,"href":"https:\/\/grupotextil.es\/ca\/wp-json\/wp\/v2\/media\/454651"}],"wp:attachment":[{"href":"https:\/\/grupotextil.es\/ca\/wp-json\/wp\/v2\/media?parent=454650"}],"wp:term":[{"taxonomy":"product_brand","embeddable":true,"href":"https:\/\/grupotextil.es\/ca\/wp-json\/wp\/v2\/product_brand?post=454650"},{"taxonomy":"product_cat","embeddable":true,"href":"https:\/\/grupotextil.es\/ca\/wp-json\/wp\/v2\/product_cat?post=454650"},{"taxonomy":"product_tag","embeddable":true,"href":"https:\/\/grupotextil.es\/ca\/wp-json\/wp\/v2\/product_tag?post=454650"}],"curies":[{"name":"wp","href":"https:\/\/api.w.org\/{rel}","templated":true}]}}