{"id":454694,"date":"2026-03-13T06:54:56","date_gmt":"2026-03-13T05:54:56","guid":{"rendered":"https:\/\/grupotextil.es\/producto\/lady-curves-t-shirt\/"},"modified":"2026-03-13T06:54:56","modified_gmt":"2026-03-13T05:54:56","slug":"lady-curves-t-shirt","status":"publish","type":"product","link":"https:\/\/grupotextil.es\/ca\/product\/lady-curves-t-shirt\/","title":{"rendered":"Lady Curves T-shirt"},"content":{"rendered":"<p><strong>Camiseta b&aacute;sica en tallas grandes para mujer, de manga corta y 100% algod&oacute;n<\/strong>. Ideal para personalizar con serigraf&iacute;a, vinilo y transfer. Disponible desde la talla S hasta la XL, tambi&eacute;n para hombre y ni&ntilde;o<\/p>\n<p>Caracter&iacute;sticas:<\/p>\n<ul>\n<li>Camiseta tallas curvies con punto liso.<\/li>\n<li>Ligeramente entallada.<\/li>\n<li>Doble costura en las mangas y bajo.<\/li>\n<li>Cuello redondo en canal&eacute;.<\/li>\n<li>Etiqueta TearAway.<\/li>\n<\/ul>\n<p>Composici&oacute;n de colores:<\/p>\n<ul>\n<li>GM:85% algod&oacute;n \/ 15% viscosa<\/li>\n<\/ul>","protected":false},"excerpt":{"rendered":"<p>Camiseta b\u00e1sica en tallas grandes para mujer, de manga corta y 100% algod\u00f3n. Ideal para personalizar con serigraf\u00eda, vinilo y transfer. Disponible desde la talla S hasta la XL, tambi\u00e9n para hombre y ni\u00f1oCaracter\u00edsticas:Camiseta tallas curvies con punto liso.Ligeramente entallada.Doble costura <\/p>","protected":false},"featured_media":454695,"comment_status":"open","ping_status":"closed","template":"","meta":{"_acf_changed":false},"product_brand":[],"product_cat":[13986,13974,13975,13973],"product_tag":[],"class_list":{"0":"post-454694","1":"product","2":"type-product","3":"status-publish","4":"has-post-thumbnail","6":"product_cat-m-camisetas-manga-corta","7":"product_cat-ropa-hombre","8":"product_cat-ropa-mujer","9":"product_cat-ropa","10":"tm-no-options","12":"first","13":"instock","14":"taxable","15":"shipping-taxable","16":"product-type-variable"},"acf":[],"_links":{"self":[{"href":"https:\/\/grupotextil.es\/ca\/wp-json\/wp\/v2\/product\/454694","targetHints":{"allow":["GET"]}}],"collection":[{"href":"https:\/\/grupotextil.es\/ca\/wp-json\/wp\/v2\/product"}],"about":[{"href":"https:\/\/grupotextil.es\/ca\/wp-json\/wp\/v2\/types\/product"}],"replies":[{"embeddable":true,"href":"https:\/\/grupotextil.es\/ca\/wp-json\/wp\/v2\/comments?post=454694"}],"wp:featuredmedia":[{"embeddable":true,"href":"https:\/\/grupotextil.es\/ca\/wp-json\/wp\/v2\/media\/454695"}],"wp:attachment":[{"href":"https:\/\/grupotextil.es\/ca\/wp-json\/wp\/v2\/media?parent=454694"}],"wp:term":[{"taxonomy":"product_brand","embeddable":true,"href":"https:\/\/grupotextil.es\/ca\/wp-json\/wp\/v2\/product_brand?post=454694"},{"taxonomy":"product_cat","embeddable":true,"href":"https:\/\/grupotextil.es\/ca\/wp-json\/wp\/v2\/product_cat?post=454694"},{"taxonomy":"product_tag","embeddable":true,"href":"https:\/\/grupotextil.es\/ca\/wp-json\/wp\/v2\/product_tag?post=454694"}],"curies":[{"name":"wp","href":"https:\/\/api.w.org\/{rel}","templated":true}]}}