{"id":454741,"date":"2026-03-13T06:55:13","date_gmt":"2026-03-13T05:55:13","guid":{"rendered":"https:\/\/grupotextil.es\/producto\/curves-t-shirt-v-neck\/"},"modified":"2026-03-13T06:55:13","modified_gmt":"2026-03-13T05:55:13","slug":"curves-t-shirt-v-neck","status":"publish","type":"product","link":"https:\/\/grupotextil.es\/ca\/product\/curves-t-shirt-v-neck\/","title":{"rendered":"Curves T-shirt V-Neck"},"content":{"rendered":"<p><strong>Camiseta b&aacute;sica de manga corta para mujer en tallas grandes con cuello de pico, 100% algod&oacute;n<\/strong>. Ideal para personalizar con serigraf&iacute;a, vinilo y transfer. Disponible en 9 colores.<\/p>\n<p>Caracter&iacute;sticas.<\/p>\n<ul>\n<li>Ligeramente entallada.<\/li>\n<li>Punto liso<\/li>\n<li>Etiqueta removible.<\/li>\n<li>Camiseta con cuello de pico y en canal&eacute;.<\/li>\n<\/ul>\n<p>Composici&oacute;n de colores:<\/p>\n<ul>\n<li>GM: 85% algod&oacute;n \/ 15% viscosa.<\/li>\n<\/ul>","protected":false},"excerpt":{"rendered":"<p>Camiseta b\u00e1sica de manga corta para mujer en tallas grandes con cuello de pico, 100% algod\u00f3n. Ideal para personalizar con serigraf\u00eda, vinilo y transfer. Disponible en 9 colores.Caracter\u00edsticas.Ligeramente entallada.Punto lisoEtiqueta removible.Camiseta con cuello de pico y en canal\u00e9.Composici\u00f3<\/p>","protected":false},"featured_media":454742,"comment_status":"open","ping_status":"closed","template":"","meta":{"_acf_changed":false},"product_brand":[],"product_cat":[13986,13974,13975,13973],"product_tag":[],"class_list":{"0":"post-454741","1":"product","2":"type-product","3":"status-publish","4":"has-post-thumbnail","6":"product_cat-m-camisetas-manga-corta","7":"product_cat-ropa-hombre","8":"product_cat-ropa-mujer","9":"product_cat-ropa","10":"tm-no-options","12":"first","13":"instock","14":"taxable","15":"shipping-taxable","16":"product-type-variable"},"acf":[],"_links":{"self":[{"href":"https:\/\/grupotextil.es\/ca\/wp-json\/wp\/v2\/product\/454741","targetHints":{"allow":["GET"]}}],"collection":[{"href":"https:\/\/grupotextil.es\/ca\/wp-json\/wp\/v2\/product"}],"about":[{"href":"https:\/\/grupotextil.es\/ca\/wp-json\/wp\/v2\/types\/product"}],"replies":[{"embeddable":true,"href":"https:\/\/grupotextil.es\/ca\/wp-json\/wp\/v2\/comments?post=454741"}],"wp:featuredmedia":[{"embeddable":true,"href":"https:\/\/grupotextil.es\/ca\/wp-json\/wp\/v2\/media\/454742"}],"wp:attachment":[{"href":"https:\/\/grupotextil.es\/ca\/wp-json\/wp\/v2\/media?parent=454741"}],"wp:term":[{"taxonomy":"product_brand","embeddable":true,"href":"https:\/\/grupotextil.es\/ca\/wp-json\/wp\/v2\/product_brand?post=454741"},{"taxonomy":"product_cat","embeddable":true,"href":"https:\/\/grupotextil.es\/ca\/wp-json\/wp\/v2\/product_cat?post=454741"},{"taxonomy":"product_tag","embeddable":true,"href":"https:\/\/grupotextil.es\/ca\/wp-json\/wp\/v2\/product_tag?post=454741"}],"curies":[{"name":"wp","href":"https:\/\/api.w.org\/{rel}","templated":true}]}}