{"id":455060,"date":"2026-03-13T06:56:59","date_gmt":"2026-03-13T05:56:59","guid":{"rendered":"https:\/\/grupotextil.es\/producto\/man-330-polar-fleece\/"},"modified":"2026-03-13T06:56:59","modified_gmt":"2026-03-13T05:56:59","slug":"man-330-polar-fleece","status":"publish","type":"product","link":"https:\/\/grupotextil.es\/ca\/product\/man-330-polar-fleece\/","title":{"rendered":"Man 330 Polar Fleece"},"content":{"rendered":"<p><strong>Forro polar para hombre de 330gr, con cremallera entera, refuerzo en hombros y codos, bolsillos laterales y bolsillo con cremallera en el lado izquierdo del pecho, pu&ntilde;os el&aacute;sticos y cord&oacute;n de ajuste con topes,&nbsp;100% poli&eacute;ster.&nbsp; Acabado micropolar antipilin para evitar la aparici&oacute;n de \u00abbolitas\u00bb.<\/strong> Ideal para trabajos en exteriores, actividades de monta&ntilde;a o al aire libre porque proporciona una buena protecci&oacute;n contra el fr&iacute;o. Disponible en 6 colores desde la talla XS hasta la 3XL. Disponible s&oacute;lo para algunos mercados.<\/p>\n<p>Caracter&iacute;sticas:<\/p>\n<ul>\n<li>Cremallera entera.<\/li>\n<li>Bolsillos laterales sin cremallera.<\/li>\n<li>Bolsillo en el pecho izquierdo con cremallera.<\/li>\n<li>Acabado micropolar antipiling.<\/li>\n<li>Cord&oacute;n de ajuste con topes.<\/li>\n<li>Pu&ntilde;os el&aacute;sticos.<\/li>\n<li>Refuerzo en hombros y codos.<\/li>\n<li>330 g\/m&sup2; aprox.<\/li>\n<li>100% Poli&eacute;ster<\/li>\n<\/ul>","protected":false},"excerpt":{"rendered":"<p>Forro polar para hombre de 330gr, con cremallera entera, refuerzo en hombros y codos, bolsillos laterales y bolsillo con cremallera en el lado izquierdo del pecho, pu\u00f1os el\u00e1sticos y cord\u00f3n de ajuste con topes,\u00a0100% poli\u00e9ster.\u00a0 Acabado micropolar antipilin para evitar la aparici\u00f3n de \u00abbolitas\u00bb<\/p>","protected":false},"featured_media":455061,"comment_status":"open","ping_status":"closed","template":"","meta":{"_acf_changed":false},"product_brand":[],"product_cat":[13981,13974,13973],"product_tag":[],"class_list":{"0":"post-455060","1":"product","2":"type-product","3":"status-publish","4":"has-post-thumbnail","6":"product_cat-h-chaquetas-y-abrigos","7":"product_cat-ropa-hombre","8":"product_cat-ropa","9":"tm-no-options","11":"first","12":"instock","13":"taxable","14":"shipping-taxable","15":"product-type-variable"},"acf":[],"_links":{"self":[{"href":"https:\/\/grupotextil.es\/ca\/wp-json\/wp\/v2\/product\/455060","targetHints":{"allow":["GET"]}}],"collection":[{"href":"https:\/\/grupotextil.es\/ca\/wp-json\/wp\/v2\/product"}],"about":[{"href":"https:\/\/grupotextil.es\/ca\/wp-json\/wp\/v2\/types\/product"}],"replies":[{"embeddable":true,"href":"https:\/\/grupotextil.es\/ca\/wp-json\/wp\/v2\/comments?post=455060"}],"wp:featuredmedia":[{"embeddable":true,"href":"https:\/\/grupotextil.es\/ca\/wp-json\/wp\/v2\/media\/455061"}],"wp:attachment":[{"href":"https:\/\/grupotextil.es\/ca\/wp-json\/wp\/v2\/media?parent=455060"}],"wp:term":[{"taxonomy":"product_brand","embeddable":true,"href":"https:\/\/grupotextil.es\/ca\/wp-json\/wp\/v2\/product_brand?post=455060"},{"taxonomy":"product_cat","embeddable":true,"href":"https:\/\/grupotextil.es\/ca\/wp-json\/wp\/v2\/product_cat?post=455060"},{"taxonomy":"product_tag","embeddable":true,"href":"https:\/\/grupotextil.es\/ca\/wp-json\/wp\/v2\/product_tag?post=455060"}],"curies":[{"name":"wp","href":"https:\/\/api.w.org\/{rel}","templated":true}]}}