{"id":456203,"date":"2026-03-13T07:01:19","date_gmt":"2026-03-13T06:01:19","guid":{"rendered":"https:\/\/grupotextil.es\/producto\/jt-polo\/"},"modified":"2026-03-13T07:01:19","modified_gmt":"2026-03-13T06:01:19","slug":"jt-polo","status":"publish","type":"product","link":"https:\/\/grupotextil.es\/ca\/product\/jt-polo\/","title":{"rendered":"JT Polo"},"content":{"rendered":"<p>Polo de hombre de manga corta. Tejido piqu&eacute;. Tapeta con dos botones. Botones a tono. Bocamanga y cuello en canal&eacute;. Aberturas laterales. Disponible en 10 colores, desde la talla S hasta la 3XL.<br \/>COMPOSICI&Oacute;N: 100% Algod&oacute;n.<br \/>GM: 85% Algod&oacute;n \/ 15% Viscosa.<br \/>GRAMAJE: 180 g\/m&sup2; aprox.<\/p>","protected":false},"excerpt":{"rendered":"<p>Polo de hombre de manga corta. Tejido piqu\u00e9. Tapeta con dos botones. Botones a tono. Bocamanga y cuello en canal\u00e9. Aberturas laterales. Disponible en 10 colores, desde la talla S hasta la 3XL.COMPOSICI\u00d3N: 100% Algod\u00f3n.GM: 85% Algod\u00f3n \/ 15% Viscosa.GRAMAJE: 180 g\/m\u00b2 aprox.<\/p>","protected":false},"featured_media":456204,"comment_status":"open","ping_status":"closed","template":"","meta":{"_acf_changed":false},"product_brand":[],"product_cat":[13974,13973],"product_tag":[],"class_list":{"0":"post-456203","1":"product","2":"type-product","3":"status-publish","4":"has-post-thumbnail","6":"product_cat-ropa-hombre","7":"product_cat-ropa","8":"tm-no-options","10":"first","11":"instock","12":"taxable","13":"shipping-taxable","14":"product-type-variable"},"acf":[],"_links":{"self":[{"href":"https:\/\/grupotextil.es\/ca\/wp-json\/wp\/v2\/product\/456203","targetHints":{"allow":["GET"]}}],"collection":[{"href":"https:\/\/grupotextil.es\/ca\/wp-json\/wp\/v2\/product"}],"about":[{"href":"https:\/\/grupotextil.es\/ca\/wp-json\/wp\/v2\/types\/product"}],"replies":[{"embeddable":true,"href":"https:\/\/grupotextil.es\/ca\/wp-json\/wp\/v2\/comments?post=456203"}],"wp:featuredmedia":[{"embeddable":true,"href":"https:\/\/grupotextil.es\/ca\/wp-json\/wp\/v2\/media\/456204"}],"wp:attachment":[{"href":"https:\/\/grupotextil.es\/ca\/wp-json\/wp\/v2\/media?parent=456203"}],"wp:term":[{"taxonomy":"product_brand","embeddable":true,"href":"https:\/\/grupotextil.es\/ca\/wp-json\/wp\/v2\/product_brand?post=456203"},{"taxonomy":"product_cat","embeddable":true,"href":"https:\/\/grupotextil.es\/ca\/wp-json\/wp\/v2\/product_cat?post=456203"},{"taxonomy":"product_tag","embeddable":true,"href":"https:\/\/grupotextil.es\/ca\/wp-json\/wp\/v2\/product_tag?post=456203"}],"curies":[{"name":"wp","href":"https:\/\/api.w.org\/{rel}","templated":true}]}}