{"id":456677,"date":"2026-03-13T07:03:16","date_gmt":"2026-03-13T06:03:16","guid":{"rendered":"https:\/\/grupotextil.es\/producto\/legend\/"},"modified":"2026-03-13T07:03:16","modified_gmt":"2026-03-13T06:03:16","slug":"legend","status":"publish","type":"product","link":"https:\/\/grupotextil.es\/ca\/product\/legend\/","title":{"rendered":"Legend"},"content":{"rendered":"<p><strong>Camiseta de portero de f&uacute;tbol de hombre de manga larga con coderas acolchadas y combinado en dos colores<\/strong>. Disponible en 2 colores y desde la talla M hasta la talla XXL. (Para tallas m&aacute;s peque&ntilde;as, consultar en la camiseta de ni&ntilde;o REF: LEGENDGLK ).<\/p>\n<p>Caracter&iacute;sticas:<\/p>\n<ul>\n<li>Camiseta de portero de adulto y ni&ntilde;o.<\/li>\n<li>Combinado en dos colores.<\/li>\n<li>Con coderas acolchadas.<\/li>\n<li>140 g\/m&sup2;<\/li>\n<li>100% Poli&eacute;ster<\/li>\n<li>Etiqueta impresa en el cuello<\/li>\n<\/ul>","protected":false},"excerpt":{"rendered":"<p>Camiseta de portero de f\u00fatbol de hombre de manga larga con coderas acolchadas y combinado en dos colores. Disponible en 2 colores y desde la talla M hasta la talla XXL. (Para tallas m\u00e1s peque\u00f1as, consultar en la camiseta de ni\u00f1o REF: LEGENDGLK ).Caracter\u00edsticas:Camiseta de portero de adulto y n<\/p>","protected":false},"featured_media":456678,"comment_status":"open","ping_status":"closed","template":"","meta":{"_acf_changed":false},"product_brand":[],"product_cat":[13977,13986,13974,13973],"product_tag":[],"class_list":{"0":"post-456677","1":"product","2":"type-product","3":"status-publish","4":"has-post-thumbnail","6":"product_cat-h-camisetas-manga-corta","7":"product_cat-m-camisetas-manga-corta","8":"product_cat-ropa-hombre","9":"product_cat-ropa","10":"tm-no-options","12":"first","13":"instock","14":"taxable","15":"shipping-taxable","16":"product-type-variable"},"acf":[],"_links":{"self":[{"href":"https:\/\/grupotextil.es\/ca\/wp-json\/wp\/v2\/product\/456677","targetHints":{"allow":["GET"]}}],"collection":[{"href":"https:\/\/grupotextil.es\/ca\/wp-json\/wp\/v2\/product"}],"about":[{"href":"https:\/\/grupotextil.es\/ca\/wp-json\/wp\/v2\/types\/product"}],"replies":[{"embeddable":true,"href":"https:\/\/grupotextil.es\/ca\/wp-json\/wp\/v2\/comments?post=456677"}],"wp:featuredmedia":[{"embeddable":true,"href":"https:\/\/grupotextil.es\/ca\/wp-json\/wp\/v2\/media\/456678"}],"wp:attachment":[{"href":"https:\/\/grupotextil.es\/ca\/wp-json\/wp\/v2\/media?parent=456677"}],"wp:term":[{"taxonomy":"product_brand","embeddable":true,"href":"https:\/\/grupotextil.es\/ca\/wp-json\/wp\/v2\/product_brand?post=456677"},{"taxonomy":"product_cat","embeddable":true,"href":"https:\/\/grupotextil.es\/ca\/wp-json\/wp\/v2\/product_cat?post=456677"},{"taxonomy":"product_tag","embeddable":true,"href":"https:\/\/grupotextil.es\/ca\/wp-json\/wp\/v2\/product_tag?post=456677"}],"curies":[{"name":"wp","href":"https:\/\/api.w.org\/{rel}","templated":true}]}}