{"id":456811,"date":"2026-03-13T07:04:01","date_gmt":"2026-03-13T06:04:01","guid":{"rendered":"https:\/\/grupotextil.es\/producto\/micro-fleece-man\/"},"modified":"2026-03-13T07:04:01","modified_gmt":"2026-03-13T06:04:01","slug":"micro-fleece-man","status":"publish","type":"product","link":"https:\/\/grupotextil.es\/ca\/product\/micro-fleece-man\/","title":{"rendered":"Micro Fleece Man"},"content":{"rendered":"<p><strong>Micro polar de hombre c&aacute;lido y suave, con media cremallera y el&aacute;stico en pu&ntilde;os, para actividades en exteriores. Acabado micropolar antipiling.<\/strong> Disponible en 5 colores desde la talla XS hasta la XXL.<\/p>\n<p>Caracter&iacute;sticas:&nbsp;<\/p>\n<ul>\n<li>Media cremallera.<\/li>\n<li>Acabado micropolar antipiling.<\/li>\n<li>Pu&ntilde;os el&aacute;sticos.<\/li>\n<\/ul>","protected":false},"excerpt":{"rendered":"<p>Micro polar de hombre c\u00e1lido y suave, con media cremallera y el\u00e1stico en pu\u00f1os, para actividades en exteriores. Acabado micropolar antipiling. Disponible en 5 colores desde la talla XS hasta la XXL.Caracter\u00edsticas:\u00a0Media cremallera.Acabado micropolar antipiling.Pu\u00f1os el\u00e1sticos.<\/p>","protected":false},"featured_media":456812,"comment_status":"open","ping_status":"closed","template":"","meta":{"_acf_changed":false},"product_brand":[],"product_cat":[13981,13974,13973],"product_tag":[],"class_list":{"0":"post-456811","1":"product","2":"type-product","3":"status-publish","4":"has-post-thumbnail","6":"product_cat-h-chaquetas-y-abrigos","7":"product_cat-ropa-hombre","8":"product_cat-ropa","9":"tm-no-options","11":"first","12":"instock","13":"taxable","14":"shipping-taxable","15":"product-type-variable"},"acf":[],"_links":{"self":[{"href":"https:\/\/grupotextil.es\/ca\/wp-json\/wp\/v2\/product\/456811","targetHints":{"allow":["GET"]}}],"collection":[{"href":"https:\/\/grupotextil.es\/ca\/wp-json\/wp\/v2\/product"}],"about":[{"href":"https:\/\/grupotextil.es\/ca\/wp-json\/wp\/v2\/types\/product"}],"replies":[{"embeddable":true,"href":"https:\/\/grupotextil.es\/ca\/wp-json\/wp\/v2\/comments?post=456811"}],"wp:featuredmedia":[{"embeddable":true,"href":"https:\/\/grupotextil.es\/ca\/wp-json\/wp\/v2\/media\/456812"}],"wp:attachment":[{"href":"https:\/\/grupotextil.es\/ca\/wp-json\/wp\/v2\/media?parent=456811"}],"wp:term":[{"taxonomy":"product_brand","embeddable":true,"href":"https:\/\/grupotextil.es\/ca\/wp-json\/wp\/v2\/product_brand?post=456811"},{"taxonomy":"product_cat","embeddable":true,"href":"https:\/\/grupotextil.es\/ca\/wp-json\/wp\/v2\/product_cat?post=456811"},{"taxonomy":"product_tag","embeddable":true,"href":"https:\/\/grupotextil.es\/ca\/wp-json\/wp\/v2\/product_tag?post=456811"}],"curies":[{"name":"wp","href":"https:\/\/api.w.org\/{rel}","templated":true}]}}