{"id":457582,"date":"2026-03-13T07:07:38","date_gmt":"2026-03-13T06:07:38","guid":{"rendered":"https:\/\/grupotextil.es\/producto\/regular-polo-ls-lady\/"},"modified":"2026-03-13T07:07:38","modified_gmt":"2026-03-13T06:07:38","slug":"regular-polo-ls-lady","status":"publish","type":"product","link":"https:\/\/grupotextil.es\/ca\/product\/regular-polo-ls-lady\/","title":{"rendered":"Regular Polo LS Lady"},"content":{"rendered":"<p><strong>Polo piqu&eacute; para mujer de manga larga con pu&ntilde;os, 100% algod&oacute;n peinado preencogido, ligeramente entallado<\/strong>. Etiqueta removible. Ideal para bordar. Disponible en 10 colores desde la talla XS hasta la 3XL.&nbsp;<\/p>\n<p>Caracter&iacute;sticas:<\/p>\n<ul>\n<li>Tapeta con tres botones.<\/li>\n<li>Tejido piqu&eacute;<\/li>\n<li>Botones a tono.<\/li>\n<li>Aberturas laterales.<\/li>\n<li>Cuello y pu&ntilde;o en canal&eacute;.<\/li>\n<li>Etiqueta removible.<\/li>\n<\/ul>\n<p>Composici&oacute;n de colores:<\/p>\n<ul>\n<li>GM: 85% algod&oacute;n \/ 15% viscosa.<\/li>\n<\/ul>","protected":false},"excerpt":{"rendered":"<p>Polo piqu\u00e9 para mujer de manga larga con pu\u00f1os, 100% algod\u00f3n peinado preencogido, ligeramente entallado. Etiqueta removible. Ideal para bordar. Disponible en 10 colores desde la talla XS hasta la 3XL.\u00a0Caracter\u00edsticas:Tapeta con tres botones.Tejido piqu\u00e9Botones a tono.Aberturas laterales.Cuello<\/p>","protected":false},"featured_media":457583,"comment_status":"open","ping_status":"closed","template":"","meta":{"_acf_changed":false},"product_brand":[],"product_cat":[13974,13975,13979,13988,13973],"product_tag":[],"class_list":{"0":"post-457582","1":"product","2":"type-product","3":"status-publish","4":"has-post-thumbnail","6":"product_cat-ropa-hombre","7":"product_cat-ropa-mujer","8":"product_cat-h-polos","9":"product_cat-m-polos","10":"product_cat-ropa","11":"tm-no-options","13":"first","14":"instock","15":"taxable","16":"shipping-taxable","17":"product-type-variable"},"acf":[],"_links":{"self":[{"href":"https:\/\/grupotextil.es\/ca\/wp-json\/wp\/v2\/product\/457582","targetHints":{"allow":["GET"]}}],"collection":[{"href":"https:\/\/grupotextil.es\/ca\/wp-json\/wp\/v2\/product"}],"about":[{"href":"https:\/\/grupotextil.es\/ca\/wp-json\/wp\/v2\/types\/product"}],"replies":[{"embeddable":true,"href":"https:\/\/grupotextil.es\/ca\/wp-json\/wp\/v2\/comments?post=457582"}],"wp:featuredmedia":[{"embeddable":true,"href":"https:\/\/grupotextil.es\/ca\/wp-json\/wp\/v2\/media\/457583"}],"wp:attachment":[{"href":"https:\/\/grupotextil.es\/ca\/wp-json\/wp\/v2\/media?parent=457582"}],"wp:term":[{"taxonomy":"product_brand","embeddable":true,"href":"https:\/\/grupotextil.es\/ca\/wp-json\/wp\/v2\/product_brand?post=457582"},{"taxonomy":"product_cat","embeddable":true,"href":"https:\/\/grupotextil.es\/ca\/wp-json\/wp\/v2\/product_cat?post=457582"},{"taxonomy":"product_tag","embeddable":true,"href":"https:\/\/grupotextil.es\/ca\/wp-json\/wp\/v2\/product_tag?post=457582"}],"curies":[{"name":"wp","href":"https:\/\/api.w.org\/{rel}","templated":true}]}}