{"id":458230,"date":"2026-03-13T07:10:06","date_gmt":"2026-03-13T06:10:06","guid":{"rendered":"https:\/\/grupotextil.es\/producto\/polo-regular-man-ls-king-size\/"},"modified":"2026-03-13T07:10:06","modified_gmt":"2026-03-13T06:10:06","slug":"polo-regular-man-ls-king-size","status":"publish","type":"product","link":"https:\/\/grupotextil.es\/ca\/product\/polo-regular-man-ls-king-size\/","title":{"rendered":"Polo Regular Man LS\/King Size"},"content":{"rendered":"<p>Polo de manga larga con pu&ntilde;os. Tejido en nido de abeja. Tapeta con dos botones. Aberturas laterales y fald&oacute;n trasero. XS : BK, NY, RB, WH, RD Grey Melange: 85% algod&oacute;n \/ 15% poli&eacute;ster.<\/p>","protected":false},"excerpt":{"rendered":"<p>Polo de manga larga con pu\u00f1os. Tejido en nido de abeja. Tapeta con dos botones. Aberturas laterales y fald\u00f3n trasero. XS : BK, NY, RB, WH, RD Grey Melange: 85% algod\u00f3n \/ 15% poli\u00e9ster.<\/p>","protected":false},"featured_media":458231,"comment_status":"open","ping_status":"closed","template":"","meta":{"_acf_changed":false},"product_brand":[],"product_cat":[13974,13975,13988,13979,13973],"product_tag":[],"class_list":{"0":"post-458230","1":"product","2":"type-product","3":"status-publish","4":"has-post-thumbnail","6":"product_cat-ropa-hombre","7":"product_cat-ropa-mujer","8":"product_cat-m-polos","9":"product_cat-h-polos","10":"product_cat-ropa","11":"tm-no-options","13":"first","14":"instock","15":"taxable","16":"shipping-taxable","17":"product-type-variable"},"acf":[],"_links":{"self":[{"href":"https:\/\/grupotextil.es\/ca\/wp-json\/wp\/v2\/product\/458230","targetHints":{"allow":["GET"]}}],"collection":[{"href":"https:\/\/grupotextil.es\/ca\/wp-json\/wp\/v2\/product"}],"about":[{"href":"https:\/\/grupotextil.es\/ca\/wp-json\/wp\/v2\/types\/product"}],"replies":[{"embeddable":true,"href":"https:\/\/grupotextil.es\/ca\/wp-json\/wp\/v2\/comments?post=458230"}],"wp:featuredmedia":[{"embeddable":true,"href":"https:\/\/grupotextil.es\/ca\/wp-json\/wp\/v2\/media\/458231"}],"wp:attachment":[{"href":"https:\/\/grupotextil.es\/ca\/wp-json\/wp\/v2\/media?parent=458230"}],"wp:term":[{"taxonomy":"product_brand","embeddable":true,"href":"https:\/\/grupotextil.es\/ca\/wp-json\/wp\/v2\/product_brand?post=458230"},{"taxonomy":"product_cat","embeddable":true,"href":"https:\/\/grupotextil.es\/ca\/wp-json\/wp\/v2\/product_cat?post=458230"},{"taxonomy":"product_tag","embeddable":true,"href":"https:\/\/grupotextil.es\/ca\/wp-json\/wp\/v2\/product_tag?post=458230"}],"curies":[{"name":"wp","href":"https:\/\/api.w.org\/{rel}","templated":true}]}}