{"id":458785,"date":"2026-03-13T07:12:36","date_gmt":"2026-03-13T06:12:36","guid":{"rendered":"https:\/\/grupotextil.es\/producto\/subli-dress\/"},"modified":"2026-03-13T07:12:36","modified_gmt":"2026-03-13T06:12:36","slug":"subli-dress","status":"publish","type":"product","link":"https:\/\/grupotextil.es\/ca\/product\/subli-dress\/","title":{"rendered":"Subli Dress"},"content":{"rendered":"<p><strong>Vestido de mujer especial para sublimar<\/strong>. 100% poli&eacute;ster con tacto de algod&oacute;n. Etiqueta removible.<\/p>\n<p>Caracter&iacute;sticas:&nbsp;<\/p>\n<ul>\n<li>Vestido con cuello redondo.<\/li>\n<li>Punto liso.<\/li>\n<li>Manga raglan.<\/li>\n<li>Ligeramente entallado.<\/li>\n<li>Mangas y bajo sin rematar.<\/li>\n<li>150 g\/m&sup2;<\/li>\n<li>100% Poli&eacute;ster<\/li>\n<\/ul>","protected":false},"excerpt":{"rendered":"<p>Vestido de mujer especial para sublimar. 100% poli\u00e9ster con tacto de algod\u00f3n. Etiqueta removible.Caracter\u00edsticas:\u00a0Vestido con cuello redondo.Punto liso.Manga raglan.Ligeramente entallado.Mangas y bajo sin rematar.150 g\/m\u00b2100% Poli\u00e9ster<\/p>","protected":false},"featured_media":458786,"comment_status":"open","ping_status":"closed","template":"","meta":{"_acf_changed":false},"product_brand":[],"product_cat":[13974,13975],"product_tag":[],"class_list":{"0":"post-458785","1":"product","2":"type-product","3":"status-publish","4":"has-post-thumbnail","6":"product_cat-ropa-hombre","7":"product_cat-ropa-mujer","8":"tm-no-options","10":"first","11":"instock","12":"taxable","13":"shipping-taxable","14":"product-type-variable"},"acf":[],"_links":{"self":[{"href":"https:\/\/grupotextil.es\/ca\/wp-json\/wp\/v2\/product\/458785","targetHints":{"allow":["GET"]}}],"collection":[{"href":"https:\/\/grupotextil.es\/ca\/wp-json\/wp\/v2\/product"}],"about":[{"href":"https:\/\/grupotextil.es\/ca\/wp-json\/wp\/v2\/types\/product"}],"replies":[{"embeddable":true,"href":"https:\/\/grupotextil.es\/ca\/wp-json\/wp\/v2\/comments?post=458785"}],"wp:featuredmedia":[{"embeddable":true,"href":"https:\/\/grupotextil.es\/ca\/wp-json\/wp\/v2\/media\/458786"}],"wp:attachment":[{"href":"https:\/\/grupotextil.es\/ca\/wp-json\/wp\/v2\/media?parent=458785"}],"wp:term":[{"taxonomy":"product_brand","embeddable":true,"href":"https:\/\/grupotextil.es\/ca\/wp-json\/wp\/v2\/product_brand?post=458785"},{"taxonomy":"product_cat","embeddable":true,"href":"https:\/\/grupotextil.es\/ca\/wp-json\/wp\/v2\/product_cat?post=458785"},{"taxonomy":"product_tag","embeddable":true,"href":"https:\/\/grupotextil.es\/ca\/wp-json\/wp\/v2\/product_tag?post=458785"}],"curies":[{"name":"wp","href":"https:\/\/api.w.org\/{rel}","templated":true}]}}