{"id":460484,"date":"2026-03-13T07:21:49","date_gmt":"2026-03-13T06:21:49","guid":{"rendered":"https:\/\/grupotextil.es\/producto\/unisex-ocean-sport\/"},"modified":"2026-03-13T07:21:49","modified_gmt":"2026-03-13T06:21:49","slug":"unisex-ocean-sport","status":"publish","type":"product","link":"https:\/\/grupotextil.es\/ca\/product\/unisex-ocean-sport\/","title":{"rendered":"Unisex Ocean Sport"},"content":{"rendered":"<p><strong>Camiseta deportiva unisex de alto rendimiento con costuras laterales<\/strong>. Nuevo acabado con posibilidad de secado a 180&ordm;. Disponible en 10 colores y desde la talla S hasta la XXL.<\/p>\n<p>T&eacute;cnicas de impresi&oacute;n textil: <strong>Camiseta deportiva unisex ideal para serigraf&iacute;ar, aplicar transfer o sublimar.<\/strong><\/p>\n<p>Caracter&iacute;sticas:<\/p>\n<ul>\n<li>Nuevo acabado con posibilidad de secado a 180&ordm;.<\/li>\n<li>Costuras laterales.<\/li>\n<li>130 g\/m&sup2; aprox.<\/li>\n<li>100% Poli&eacute;ster<\/li>\n<li>Etiqueta removible<\/li>\n<\/ul>","protected":false},"excerpt":{"rendered":"<p>Camiseta deportiva unisex de alto rendimiento con costuras laterales. Nuevo acabado con posibilidad de secado a 180\u00ba. Disponible en 10 colores y desde la talla S hasta la XXL.T\u00e9cnicas de impresi\u00f3n textil: Camiseta deportiva unisex ideal para serigraf\u00edar, aplicar transfer o sublimar.Caracter\u00edsti<\/p>","protected":false},"featured_media":460485,"comment_status":"open","ping_status":"closed","template":"","meta":{"_acf_changed":false},"product_brand":[14181],"product_cat":[13977,13974,13975,13973],"product_tag":[],"class_list":{"0":"post-460484","1":"product","2":"type-product","3":"status-publish","4":"has-post-thumbnail","6":"product_brand-jhk","7":"product_cat-h-camisetas-manga-corta","8":"product_cat-ropa-hombre","9":"product_cat-ropa-mujer","10":"product_cat-ropa","11":"tm-no-options","13":"first","14":"instock","15":"taxable","16":"shipping-taxable","17":"product-type-variable"},"acf":[],"_links":{"self":[{"href":"https:\/\/grupotextil.es\/ca\/wp-json\/wp\/v2\/product\/460484","targetHints":{"allow":["GET"]}}],"collection":[{"href":"https:\/\/grupotextil.es\/ca\/wp-json\/wp\/v2\/product"}],"about":[{"href":"https:\/\/grupotextil.es\/ca\/wp-json\/wp\/v2\/types\/product"}],"replies":[{"embeddable":true,"href":"https:\/\/grupotextil.es\/ca\/wp-json\/wp\/v2\/comments?post=460484"}],"wp:featuredmedia":[{"embeddable":true,"href":"https:\/\/grupotextil.es\/ca\/wp-json\/wp\/v2\/media\/460485"}],"wp:attachment":[{"href":"https:\/\/grupotextil.es\/ca\/wp-json\/wp\/v2\/media?parent=460484"}],"wp:term":[{"taxonomy":"product_brand","embeddable":true,"href":"https:\/\/grupotextil.es\/ca\/wp-json\/wp\/v2\/product_brand?post=460484"},{"taxonomy":"product_cat","embeddable":true,"href":"https:\/\/grupotextil.es\/ca\/wp-json\/wp\/v2\/product_cat?post=460484"},{"taxonomy":"product_tag","embeddable":true,"href":"https:\/\/grupotextil.es\/ca\/wp-json\/wp\/v2\/product_tag?post=460484"}],"curies":[{"name":"wp","href":"https:\/\/api.w.org\/{rel}","templated":true}]}}