{"id":460724,"date":"2026-03-13T07:23:09","date_gmt":"2026-03-13T06:23:09","guid":{"rendered":"https:\/\/grupotextil.es\/producto\/kid-stadium\/"},"modified":"2026-03-13T07:23:09","modified_gmt":"2026-03-13T06:23:09","slug":"kid-stadium","status":"publish","type":"product","link":"https:\/\/grupotextil.es\/ca\/product\/kid-stadium\/","title":{"rendered":"Kid Stadium"},"content":{"rendered":"<p><strong>Pantal&oacute;n de portero de f&uacute;tbol de ni&ntilde;o con acolchado lateral<\/strong>. Disponible desde la talla 5\/6 a&ntilde;os hasta la talla S. (Para tallas m&aacute;s grandes, consultar la REF: STADIUMGLA )<\/p>\n<p>Caracter&iacute;sticas:<\/p>\n<ul>\n<li>Pantal&oacute;n de portero de adulto y ni&ntilde;o.<\/li>\n<li>Acolchado lateral.<\/li>\n<li>200 g\/m&sup2;<\/li>\n<li>100% Poli&eacute;ster<\/li>\n<\/ul>","protected":false},"excerpt":{"rendered":"<p>Pantal\u00f3n de portero de f\u00fatbol de ni\u00f1o con acolchado lateral. Disponible desde la talla 5\/6 a\u00f1os hasta la talla S. (Para tallas m\u00e1s grandes, consultar la REF: STADIUMGLA )Caracter\u00edsticas:Pantal\u00f3n de portero de adulto y ni\u00f1o.Acolchado lateral.200 g\/m\u00b2100% Poli\u00e9ster<\/p>","protected":false},"featured_media":460725,"comment_status":"open","ping_status":"closed","template":"","meta":{"_acf_changed":false},"product_brand":[],"product_cat":[13974,13983,13973],"product_tag":[],"class_list":{"0":"post-460724","1":"product","2":"type-product","3":"status-publish","4":"has-post-thumbnail","6":"product_cat-ropa-hombre","7":"product_cat-h-pantalones","8":"product_cat-ropa","9":"tm-no-options","11":"first","12":"instock","13":"taxable","14":"shipping-taxable","15":"product-type-variable"},"acf":[],"_links":{"self":[{"href":"https:\/\/grupotextil.es\/ca\/wp-json\/wp\/v2\/product\/460724","targetHints":{"allow":["GET"]}}],"collection":[{"href":"https:\/\/grupotextil.es\/ca\/wp-json\/wp\/v2\/product"}],"about":[{"href":"https:\/\/grupotextil.es\/ca\/wp-json\/wp\/v2\/types\/product"}],"replies":[{"embeddable":true,"href":"https:\/\/grupotextil.es\/ca\/wp-json\/wp\/v2\/comments?post=460724"}],"wp:featuredmedia":[{"embeddable":true,"href":"https:\/\/grupotextil.es\/ca\/wp-json\/wp\/v2\/media\/460725"}],"wp:attachment":[{"href":"https:\/\/grupotextil.es\/ca\/wp-json\/wp\/v2\/media?parent=460724"}],"wp:term":[{"taxonomy":"product_brand","embeddable":true,"href":"https:\/\/grupotextil.es\/ca\/wp-json\/wp\/v2\/product_brand?post=460724"},{"taxonomy":"product_cat","embeddable":true,"href":"https:\/\/grupotextil.es\/ca\/wp-json\/wp\/v2\/product_cat?post=460724"},{"taxonomy":"product_tag","embeddable":true,"href":"https:\/\/grupotextil.es\/ca\/wp-json\/wp\/v2\/product_tag?post=460724"}],"curies":[{"name":"wp","href":"https:\/\/api.w.org\/{rel}","templated":true}]}}