{"id":460797,"date":"2026-03-13T07:23:33","date_gmt":"2026-03-13T06:23:33","guid":{"rendered":"https:\/\/grupotextil.es\/producto\/sweatshirt-cvc\/"},"modified":"2026-03-13T07:23:33","modified_gmt":"2026-03-13T06:23:33","slug":"sweatshirt-cvc","status":"publish","type":"product","link":"https:\/\/grupotextil.es\/ca\/product\/sweatshirt-cvc\/","title":{"rendered":"Sweatshirt CVC"},"content":{"rendered":"<p><strong>Sudadera cl&aacute;sica unisex de algod&oacute;n CVC con cuello redondo perfecta para personalizar<\/strong>. Disponible en&nbsp;6 colores desde la talla XS hasta la 3XL.&nbsp;<\/p>\n<p>Caracter&iacute;sticas:<\/p>\n<ul>\n<li>Doble costura en cuello, pu&ntilde;os y bajo.<\/li>\n<li>2&#215;1 canal&eacute; con elastano en pu&ntilde;os y bajo.<\/li>\n<li>Etiqueta removible<\/li>\n<li>Felpa perchada.<\/li>\n<\/ul>\n<p>Composici&oacute;n de colores:<\/p>\n<ul>\n<li>GM: 73% algod&oacute;n \/20% poli&eacute;ster \/ 7% viscosa<\/li>\n<\/ul>","protected":false},"excerpt":{"rendered":"<p>Sudadera cl\u00e1sica unisex de algod\u00f3n CVC con cuello redondo perfecta para personalizar. Disponible en\u00a06 colores desde la talla XS hasta la 3XL.\u00a0Caracter\u00edsticas:Doble costura en cuello, pu\u00f1os y bajo.2&#215;1 canal\u00e9 con elastano en pu\u00f1os y bajo.Etiqueta removibleFelpa perchada.Composici\u00f3n de colores<\/p>","protected":false},"featured_media":460798,"comment_status":"open","ping_status":"closed","template":"","meta":{"_acf_changed":false},"product_brand":[],"product_cat":[13974,13973,13980],"product_tag":[],"class_list":{"0":"post-460797","1":"product","2":"type-product","3":"status-publish","4":"has-post-thumbnail","6":"product_cat-ropa-hombre","7":"product_cat-ropa","8":"product_cat-h-sudaderas","9":"tm-no-options","11":"first","12":"instock","13":"taxable","14":"shipping-taxable","15":"product-type-variable"},"acf":[],"_links":{"self":[{"href":"https:\/\/grupotextil.es\/ca\/wp-json\/wp\/v2\/product\/460797","targetHints":{"allow":["GET"]}}],"collection":[{"href":"https:\/\/grupotextil.es\/ca\/wp-json\/wp\/v2\/product"}],"about":[{"href":"https:\/\/grupotextil.es\/ca\/wp-json\/wp\/v2\/types\/product"}],"replies":[{"embeddable":true,"href":"https:\/\/grupotextil.es\/ca\/wp-json\/wp\/v2\/comments?post=460797"}],"wp:featuredmedia":[{"embeddable":true,"href":"https:\/\/grupotextil.es\/ca\/wp-json\/wp\/v2\/media\/460798"}],"wp:attachment":[{"href":"https:\/\/grupotextil.es\/ca\/wp-json\/wp\/v2\/media?parent=460797"}],"wp:term":[{"taxonomy":"product_brand","embeddable":true,"href":"https:\/\/grupotextil.es\/ca\/wp-json\/wp\/v2\/product_brand?post=460797"},{"taxonomy":"product_cat","embeddable":true,"href":"https:\/\/grupotextil.es\/ca\/wp-json\/wp\/v2\/product_cat?post=460797"},{"taxonomy":"product_tag","embeddable":true,"href":"https:\/\/grupotextil.es\/ca\/wp-json\/wp\/v2\/product_tag?post=460797"}],"curies":[{"name":"wp","href":"https:\/\/api.w.org\/{rel}","templated":true}]}}