{"id":460847,"date":"2026-03-13T07:23:47","date_gmt":"2026-03-13T06:23:47","guid":{"rendered":"https:\/\/grupotextil.es\/producto\/sweatshirt-lady-french-terry\/"},"modified":"2026-03-13T07:23:47","modified_gmt":"2026-03-13T06:23:47","slug":"sweatshirt-lady-french-terry","status":"publish","type":"product","link":"https:\/\/grupotextil.es\/ca\/product\/sweatshirt-lady-french-terry\/","title":{"rendered":"Sweatshirt Lady French Terry"},"content":{"rendered":"<p><strong>Sudadera cl&aacute;sica de mujer con cuello redondo perfecta para personalizar<\/strong>. Disponible en 5 colores desde la talla XS hasta XXL.<\/p>\n<p>Caracter&iacute;sticas:<\/p>\n<ul>\n<li>Doble costura en cuello, pu&ntilde;os y bajo.<\/li>\n<li>Felpa sin perchar, Tejido ligero.<\/li>\n<li>2&#215;1 canal&eacute; con licra en pu&ntilde;os y bajo.<\/li>\n<\/ul>\n<p>Composici&oacute;n de colores:<\/p>\n<ul>\n<li>GM: 73% Algod&oacute;n \/20% poli&eacute;ster reciclado \/7% Viscosa.<\/li>\n<\/ul>","protected":false},"excerpt":{"rendered":"<p>Sudadera cl\u00e1sica de mujer con cuello redondo perfecta para personalizar. Disponible en 5 colores desde la talla XS hasta XXL.Caracter\u00edsticas:Doble costura en cuello, pu\u00f1os y bajo.Felpa sin perchar, Tejido ligero.2&#215;1 canal\u00e9 con licra en pu\u00f1os y bajo.Composici\u00f3n de colores:GM: 73% Algod\u00f3n \/20% <\/p>","protected":false},"featured_media":460848,"comment_status":"open","ping_status":"closed","template":"","meta":{"_acf_changed":false},"product_brand":[],"product_cat":[13974,13973,13980],"product_tag":[],"class_list":{"0":"post-460847","1":"product","2":"type-product","3":"status-publish","4":"has-post-thumbnail","6":"product_cat-ropa-hombre","7":"product_cat-ropa","8":"product_cat-h-sudaderas","9":"tm-no-options","11":"first","12":"instock","13":"taxable","14":"shipping-taxable","15":"product-type-variable"},"acf":[],"_links":{"self":[{"href":"https:\/\/grupotextil.es\/ca\/wp-json\/wp\/v2\/product\/460847","targetHints":{"allow":["GET"]}}],"collection":[{"href":"https:\/\/grupotextil.es\/ca\/wp-json\/wp\/v2\/product"}],"about":[{"href":"https:\/\/grupotextil.es\/ca\/wp-json\/wp\/v2\/types\/product"}],"replies":[{"embeddable":true,"href":"https:\/\/grupotextil.es\/ca\/wp-json\/wp\/v2\/comments?post=460847"}],"wp:featuredmedia":[{"embeddable":true,"href":"https:\/\/grupotextil.es\/ca\/wp-json\/wp\/v2\/media\/460848"}],"wp:attachment":[{"href":"https:\/\/grupotextil.es\/ca\/wp-json\/wp\/v2\/media?parent=460847"}],"wp:term":[{"taxonomy":"product_brand","embeddable":true,"href":"https:\/\/grupotextil.es\/ca\/wp-json\/wp\/v2\/product_brand?post=460847"},{"taxonomy":"product_cat","embeddable":true,"href":"https:\/\/grupotextil.es\/ca\/wp-json\/wp\/v2\/product_cat?post=460847"},{"taxonomy":"product_tag","embeddable":true,"href":"https:\/\/grupotextil.es\/ca\/wp-json\/wp\/v2\/product_tag?post=460847"}],"curies":[{"name":"wp","href":"https:\/\/api.w.org\/{rel}","templated":true}]}}