{"id":460916,"date":"2026-03-13T07:24:09","date_gmt":"2026-03-13T06:24:09","guid":{"rendered":"https:\/\/grupotextil.es\/producto\/full-zip-french-terry-sweatshirt\/"},"modified":"2026-03-13T07:24:09","modified_gmt":"2026-03-13T06:24:09","slug":"full-zip-french-terry-sweatshirt","status":"publish","type":"product","link":"https:\/\/grupotextil.es\/ca\/product\/full-zip-french-terry-sweatshirt\/","title":{"rendered":"Full Zip French Terry Sweatshirt"},"content":{"rendered":"<p><strong>Sudadera de hombre con cremallera entera invisible a tono y cuello alto con bolsillos laterales. <\/strong>Disponible en 6 colores desde la talla S hasta la XXL.&nbsp;<\/p>\n<p>Caracter&iacute;sticas:<\/p>\n<ul>\n<li>2&#215;1 canal&eacute; con licra en pu&ntilde;os y bajo.<\/li>\n<li>Felpa sin perchar, Tejido ligero.<\/li>\n<li>Cremallera entera cubierta.<\/li>\n<li>Bolsillos laterales.<\/li>\n<\/ul>\n<p>Composici&oacute;n colores:<\/p>\n<ul>\n<li>GM: 73% Algod&oacute;n \/ 20% Poli&eacute;ster reciclado \/ 7% Viscosa.<\/li>\n<\/ul>","protected":false},"excerpt":{"rendered":"<p>Sudadera de hombre con cremallera entera invisible a tono y cuello alto con bolsillos laterales. Disponible en 6 colores desde la talla S hasta la XXL.\u00a0Caracter\u00edsticas:2&#215;1 canal\u00e9 con licra en pu\u00f1os y bajo.Felpa sin perchar, Tejido ligero.Cremallera entera cubierta.Bolsillos laterales.Composici\u00f3<\/p>","protected":false},"featured_media":460917,"comment_status":"open","ping_status":"closed","template":"","meta":{"_acf_changed":false},"product_brand":[],"product_cat":[13974,13973,13980],"product_tag":[],"class_list":{"0":"post-460916","1":"product","2":"type-product","3":"status-publish","4":"has-post-thumbnail","6":"product_cat-ropa-hombre","7":"product_cat-ropa","8":"product_cat-h-sudaderas","9":"tm-no-options","11":"first","12":"instock","13":"taxable","14":"shipping-taxable","15":"product-type-variable"},"acf":[],"_links":{"self":[{"href":"https:\/\/grupotextil.es\/ca\/wp-json\/wp\/v2\/product\/460916","targetHints":{"allow":["GET"]}}],"collection":[{"href":"https:\/\/grupotextil.es\/ca\/wp-json\/wp\/v2\/product"}],"about":[{"href":"https:\/\/grupotextil.es\/ca\/wp-json\/wp\/v2\/types\/product"}],"replies":[{"embeddable":true,"href":"https:\/\/grupotextil.es\/ca\/wp-json\/wp\/v2\/comments?post=460916"}],"wp:featuredmedia":[{"embeddable":true,"href":"https:\/\/grupotextil.es\/ca\/wp-json\/wp\/v2\/media\/460917"}],"wp:attachment":[{"href":"https:\/\/grupotextil.es\/ca\/wp-json\/wp\/v2\/media?parent=460916"}],"wp:term":[{"taxonomy":"product_brand","embeddable":true,"href":"https:\/\/grupotextil.es\/ca\/wp-json\/wp\/v2\/product_brand?post=460916"},{"taxonomy":"product_cat","embeddable":true,"href":"https:\/\/grupotextil.es\/ca\/wp-json\/wp\/v2\/product_cat?post=460916"},{"taxonomy":"product_tag","embeddable":true,"href":"https:\/\/grupotextil.es\/ca\/wp-json\/wp\/v2\/product_tag?post=460916"}],"curies":[{"name":"wp","href":"https:\/\/api.w.org\/{rel}","templated":true}]}}