{"id":460960,"date":"2026-03-13T07:24:20","date_gmt":"2026-03-13T06:24:20","guid":{"rendered":"https:\/\/grupotextil.es\/producto\/full-zip-cvc-sweatshirt\/"},"modified":"2026-03-13T07:24:20","modified_gmt":"2026-03-13T06:24:20","slug":"full-zip-cvc-sweatshirt","status":"publish","type":"product","link":"https:\/\/grupotextil.es\/ca\/product\/full-zip-cvc-sweatshirt\/","title":{"rendered":"Full Zip CVC Sweatshirt"},"content":{"rendered":"<p><strong>Sudadera de algod&oacute;n&nbsp; CVC (&nbsp;80% Algod&oacute;n \/ 20% Poli&eacute;ster) de hombre con cremallera entera invisible a tono y cuello alto con bolsillos laterales.<\/strong>&nbsp;Disponible en&nbsp;6 colores y desde la talla XS hasta la XXL.&nbsp;<\/p>\n<p>Caracter&iacute;sticas:<\/p>\n<ul>\n<li>2&#215;1 canal&eacute; con elastano en pu&ntilde;os y bajo.<\/li>\n<li>Cremallera entera cubierta.<\/li>\n<li>Bolsillos laterales.<\/li>\n<li>275 g\/m&sup2; aprox.<\/li>\n<li>20% Poli&eacute;ster \/ 80% Algod&oacute;n<\/li>\n<li>GM: 73% algod&oacute;n \/ 20% poli&eacute;ster \/ 7% viscosa<\/li>\n<li><\/li>\n<\/ul>","protected":false},"excerpt":{"rendered":"<p>Sudadera de algod\u00f3n\u00a0 CVC (\u00a080% Algod\u00f3n \/ 20% Poli\u00e9ster) de hombre con cremallera entera invisible a tono y cuello alto con bolsillos laterales.\u00a0Disponible en\u00a06 colores y desde la talla XS hasta la XXL.\u00a0Caracter\u00edsticas:2&#215;1 canal\u00e9 con elastano en pu\u00f1os y bajo.Cremallera entera cubierta.Bols<\/p>","protected":false},"featured_media":460961,"comment_status":"open","ping_status":"closed","template":"","meta":{"_acf_changed":false},"product_brand":[],"product_cat":[13974,13973,13980],"product_tag":[],"class_list":{"0":"post-460960","1":"product","2":"type-product","3":"status-publish","4":"has-post-thumbnail","6":"product_cat-ropa-hombre","7":"product_cat-ropa","8":"product_cat-h-sudaderas","9":"tm-no-options","11":"first","12":"instock","13":"taxable","14":"shipping-taxable","15":"product-type-variable"},"acf":[],"_links":{"self":[{"href":"https:\/\/grupotextil.es\/ca\/wp-json\/wp\/v2\/product\/460960","targetHints":{"allow":["GET"]}}],"collection":[{"href":"https:\/\/grupotextil.es\/ca\/wp-json\/wp\/v2\/product"}],"about":[{"href":"https:\/\/grupotextil.es\/ca\/wp-json\/wp\/v2\/types\/product"}],"replies":[{"embeddable":true,"href":"https:\/\/grupotextil.es\/ca\/wp-json\/wp\/v2\/comments?post=460960"}],"wp:featuredmedia":[{"embeddable":true,"href":"https:\/\/grupotextil.es\/ca\/wp-json\/wp\/v2\/media\/460961"}],"wp:attachment":[{"href":"https:\/\/grupotextil.es\/ca\/wp-json\/wp\/v2\/media?parent=460960"}],"wp:term":[{"taxonomy":"product_brand","embeddable":true,"href":"https:\/\/grupotextil.es\/ca\/wp-json\/wp\/v2\/product_brand?post=460960"},{"taxonomy":"product_cat","embeddable":true,"href":"https:\/\/grupotextil.es\/ca\/wp-json\/wp\/v2\/product_cat?post=460960"},{"taxonomy":"product_tag","embeddable":true,"href":"https:\/\/grupotextil.es\/ca\/wp-json\/wp\/v2\/product_tag?post=460960"}],"curies":[{"name":"wp","href":"https:\/\/api.w.org\/{rel}","templated":true}]}}