{"id":461048,"date":"2026-03-13T07:24:42","date_gmt":"2026-03-13T06:24:42","guid":{"rendered":"https:\/\/grupotextil.es\/producto\/fuji-2\/"},"modified":"2026-03-13T07:24:42","modified_gmt":"2026-03-13T06:24:42","slug":"fuji-2","status":"publish","type":"product","link":"https:\/\/grupotextil.es\/ca\/product\/fuji-2\/","title":{"rendered":"Fuji"},"content":{"rendered":"<p><strong>Sudadera unisex con capucha de cremallera entera cubierta y bolsillo de canguro<\/strong>. Disponible en&nbsp;8 colores y desde la talla XS hasta la 3XL.&nbsp;<\/p>\n<p>Caracter&iacute;sticas:<\/p>\n<ul>\n<li>Sudadera con capucha.<\/li>\n<li>Cord&oacute;n redondo de ajuste a tono.<\/li>\n<li>Cremallera entera cubierta.<\/li>\n<li>Bolsillo canguro.<\/li>\n<li>Felpa perchada.<\/li>\n<li>2&#215;1 canal&eacute; con licra en pu&ntilde;os y bajo.<\/li>\n<\/ul>\n<p>Composici&oacute;n de colores:<\/p>\n<ul>\n<li>DGM: 63% algod&oacute;n org&aacute;nico \/21% poli&eacute;ster reciclado \/ 16% viscosa<\/li>\n<li>GM: 61% algod&oacute;n org&aacute;nico \/31% poli&eacute;ster reciclado \/ 8% viscosa<\/li>\n<\/ul>","protected":false},"excerpt":{"rendered":"<p>Sudadera unisex con capucha de cremallera entera cubierta y bolsillo de canguro. Disponible en\u00a08 colores y desde la talla XS hasta la 3XL.\u00a0Caracter\u00edsticas:Sudadera con capucha.Cord\u00f3n redondo de ajuste a tono.Cremallera entera cubierta.Bolsillo canguro.Felpa perchada.2&#215;1 canal\u00e9 con licra en pu\u00f1<\/p>","protected":false},"featured_media":461049,"comment_status":"open","ping_status":"closed","template":"","meta":{"_acf_changed":false},"product_brand":[],"product_cat":[13974,13973,13980],"product_tag":[],"class_list":{"0":"post-461048","1":"product","2":"type-product","3":"status-publish","4":"has-post-thumbnail","6":"product_cat-ropa-hombre","7":"product_cat-ropa","8":"product_cat-h-sudaderas","9":"tm-no-options","11":"first","12":"instock","13":"taxable","14":"shipping-taxable","15":"product-type-variable"},"acf":[],"_links":{"self":[{"href":"https:\/\/grupotextil.es\/ca\/wp-json\/wp\/v2\/product\/461048","targetHints":{"allow":["GET"]}}],"collection":[{"href":"https:\/\/grupotextil.es\/ca\/wp-json\/wp\/v2\/product"}],"about":[{"href":"https:\/\/grupotextil.es\/ca\/wp-json\/wp\/v2\/types\/product"}],"replies":[{"embeddable":true,"href":"https:\/\/grupotextil.es\/ca\/wp-json\/wp\/v2\/comments?post=461048"}],"wp:featuredmedia":[{"embeddable":true,"href":"https:\/\/grupotextil.es\/ca\/wp-json\/wp\/v2\/media\/461049"}],"wp:attachment":[{"href":"https:\/\/grupotextil.es\/ca\/wp-json\/wp\/v2\/media?parent=461048"}],"wp:term":[{"taxonomy":"product_brand","embeddable":true,"href":"https:\/\/grupotextil.es\/ca\/wp-json\/wp\/v2\/product_brand?post=461048"},{"taxonomy":"product_cat","embeddable":true,"href":"https:\/\/grupotextil.es\/ca\/wp-json\/wp\/v2\/product_cat?post=461048"},{"taxonomy":"product_tag","embeddable":true,"href":"https:\/\/grupotextil.es\/ca\/wp-json\/wp\/v2\/product_tag?post=461048"}],"curies":[{"name":"wp","href":"https:\/\/api.w.org\/{rel}","templated":true}]}}