{"id":461187,"date":"2026-03-13T07:25:15","date_gmt":"2026-03-13T06:25:15","guid":{"rendered":"https:\/\/grupotextil.es\/producto\/kangaroo-cvc-sweatshirt\/"},"modified":"2026-03-13T07:25:15","modified_gmt":"2026-03-13T06:25:15","slug":"kangaroo-cvc-sweatshirt","status":"publish","type":"product","link":"https:\/\/grupotextil.es\/ca\/product\/kangaroo-cvc-sweatshirt\/","title":{"rendered":"Kangaroo CVC Sweatshirt"},"content":{"rendered":"<p><strong>Sudadera de algod&oacute;n CVC con capucha para hombre con bolsillo de canguro y cord&oacute;n de ajuste a tono<\/strong>. Disponible en&nbsp;6 colores desde la talla XS hasta la 3XL.&nbsp;<\/p>\n<p>Caracter&iacute;sticas:<\/p>\n<ul>\n<li>Sudadera con capucha.<\/li>\n<li>Cord&oacute;n de ajuste a tono.<\/li>\n<li>Bolsillo canguro.<\/li>\n<li>2&#215;1 canal&eacute; con licra en pu&ntilde;os y bajo.<\/li>\n<li>Etiqueta removible<\/li>\n<li>Felpa perchada.<\/li>\n<\/ul>\n<p>Composici&oacute;n de colores:<\/p>\n<ul>\n<li>GM: 73% algod&oacute;n \/ 20% poli&eacute;ster \/ 7% viscosa<\/li>\n<\/ul>","protected":false},"excerpt":{"rendered":"<p>Sudadera de algod\u00f3n CVC con capucha para hombre con bolsillo de canguro y cord\u00f3n de ajuste a tono. Disponible en\u00a06 colores desde la talla XS hasta la 3XL.\u00a0Caracter\u00edsticas:Sudadera con capucha.Cord\u00f3n de ajuste a tono.Bolsillo canguro.2&#215;1 canal\u00e9 con licra en pu\u00f1os y bajo.Etiqueta removibleFelp<\/p>","protected":false},"featured_media":461188,"comment_status":"open","ping_status":"closed","template":"","meta":{"_acf_changed":false},"product_brand":[],"product_cat":[13974,13973,13980],"product_tag":[],"class_list":{"0":"post-461187","1":"product","2":"type-product","3":"status-publish","4":"has-post-thumbnail","6":"product_cat-ropa-hombre","7":"product_cat-ropa","8":"product_cat-h-sudaderas","9":"tm-no-options","11":"first","12":"instock","13":"taxable","14":"shipping-taxable","15":"product-type-variable"},"acf":[],"_links":{"self":[{"href":"https:\/\/grupotextil.es\/ca\/wp-json\/wp\/v2\/product\/461187","targetHints":{"allow":["GET"]}}],"collection":[{"href":"https:\/\/grupotextil.es\/ca\/wp-json\/wp\/v2\/product"}],"about":[{"href":"https:\/\/grupotextil.es\/ca\/wp-json\/wp\/v2\/types\/product"}],"replies":[{"embeddable":true,"href":"https:\/\/grupotextil.es\/ca\/wp-json\/wp\/v2\/comments?post=461187"}],"wp:featuredmedia":[{"embeddable":true,"href":"https:\/\/grupotextil.es\/ca\/wp-json\/wp\/v2\/media\/461188"}],"wp:attachment":[{"href":"https:\/\/grupotextil.es\/ca\/wp-json\/wp\/v2\/media?parent=461187"}],"wp:term":[{"taxonomy":"product_brand","embeddable":true,"href":"https:\/\/grupotextil.es\/ca\/wp-json\/wp\/v2\/product_brand?post=461187"},{"taxonomy":"product_cat","embeddable":true,"href":"https:\/\/grupotextil.es\/ca\/wp-json\/wp\/v2\/product_cat?post=461187"},{"taxonomy":"product_tag","embeddable":true,"href":"https:\/\/grupotextil.es\/ca\/wp-json\/wp\/v2\/product_tag?post=461187"}],"curies":[{"name":"wp","href":"https:\/\/api.w.org\/{rel}","templated":true}]}}