{"id":461554,"date":"2026-03-13T07:26:47","date_gmt":"2026-03-13T06:26:47","guid":{"rendered":"https:\/\/grupotextil.es\/producto\/peach-kangaroo\/"},"modified":"2026-03-13T07:26:47","modified_gmt":"2026-03-13T06:26:47","slug":"peach-kangaroo","status":"publish","type":"product","link":"https:\/\/grupotextil.es\/ca\/product\/peach-kangaroo\/","title":{"rendered":"Peach Kangaroo"},"content":{"rendered":"<p><strong>Sudadera cl&aacute;sica de hombre con capucha y bolsillo de canguro&nbsp;en tejido French Terry (sin perchar) muy suave al tacto<\/strong>. Disponible en&nbsp;5 colores y desde la talla S hasta la XXL.<\/p>\n<p>Caracter&iacute;sticas:<\/p>\n<ul>\n<li>Sudadera con capucha.<\/li>\n<li>Cord&oacute;n de ajuste a tono.<\/li>\n<li>Bolsillo canguro.<\/li>\n<li>2&#215;1 canal&eacute; con elastano en pu&ntilde;os y bajo.<\/li>\n<li>Felpa sin perchar (French Terry).<\/li>\n<\/ul>","protected":false},"excerpt":{"rendered":"<p>Sudadera cl\u00e1sica de hombre con capucha y bolsillo de canguro\u00a0en tejido French Terry (sin perchar) muy suave al tacto. Disponible en\u00a05 colores y desde la talla S hasta la XXL.Caracter\u00edsticas:Sudadera con capucha.Cord\u00f3n de ajuste a tono.Bolsillo canguro.2&#215;1 canal\u00e9 con elastano en pu\u00f1os y bajo.F<\/p>","protected":false},"featured_media":461555,"comment_status":"open","ping_status":"closed","template":"","meta":{"_acf_changed":false},"product_brand":[],"product_cat":[13974,13973,13980],"product_tag":[],"class_list":{"0":"post-461554","1":"product","2":"type-product","3":"status-publish","4":"has-post-thumbnail","6":"product_cat-ropa-hombre","7":"product_cat-ropa","8":"product_cat-h-sudaderas","9":"tm-no-options","11":"first","12":"instock","13":"taxable","14":"shipping-taxable","15":"product-type-variable"},"acf":[],"_links":{"self":[{"href":"https:\/\/grupotextil.es\/ca\/wp-json\/wp\/v2\/product\/461554","targetHints":{"allow":["GET"]}}],"collection":[{"href":"https:\/\/grupotextil.es\/ca\/wp-json\/wp\/v2\/product"}],"about":[{"href":"https:\/\/grupotextil.es\/ca\/wp-json\/wp\/v2\/types\/product"}],"replies":[{"embeddable":true,"href":"https:\/\/grupotextil.es\/ca\/wp-json\/wp\/v2\/comments?post=461554"}],"wp:featuredmedia":[{"embeddable":true,"href":"https:\/\/grupotextil.es\/ca\/wp-json\/wp\/v2\/media\/461555"}],"wp:attachment":[{"href":"https:\/\/grupotextil.es\/ca\/wp-json\/wp\/v2\/media?parent=461554"}],"wp:term":[{"taxonomy":"product_brand","embeddable":true,"href":"https:\/\/grupotextil.es\/ca\/wp-json\/wp\/v2\/product_brand?post=461554"},{"taxonomy":"product_cat","embeddable":true,"href":"https:\/\/grupotextil.es\/ca\/wp-json\/wp\/v2\/product_cat?post=461554"},{"taxonomy":"product_tag","embeddable":true,"href":"https:\/\/grupotextil.es\/ca\/wp-json\/wp\/v2\/product_tag?post=461554"}],"curies":[{"name":"wp","href":"https:\/\/api.w.org\/{rel}","templated":true}]}}