{"id":461780,"date":"2026-03-13T07:27:50","date_gmt":"2026-03-13T06:27:50","guid":{"rendered":"https:\/\/grupotextil.es\/producto\/baby-sweat-pants\/"},"modified":"2026-03-13T07:27:50","modified_gmt":"2026-03-13T06:27:50","slug":"baby-sweat-pants","status":"publish","type":"product","link":"https:\/\/grupotextil.es\/ca\/product\/baby-sweat-pants\/","title":{"rendered":"Baby Sweat Pants"},"content":{"rendered":"<p>Caracter&iacute;sticas:<\/p>\n<ul>\n<li>Pantal&oacute;n de beb&eacute;.<\/li>\n<li>2X1 canal&eacute; con elastano en pu&ntilde;os y bajo.<\/li>\n<li>Felpa sin perchar (French Terry).<\/li>\n<\/ul>\n<p>Composici&oacute;n de colores:<\/p>\n<ul>\n<li>GM: 61% Algod&oacute;n \/ 31% Poli&eacute;ster \/ 8% Viscosa.<\/li>\n<\/ul>","protected":false},"excerpt":{"rendered":"<p>Caracter\u00edsticas:Pantal\u00f3n de beb\u00e9.2X1 canal\u00e9 con elastano en pu\u00f1os y bajo.Felpa sin perchar (French Terry).Composici\u00f3n de colores:GM: 61% Algod\u00f3n \/ 31% Poli\u00e9ster \/ 8% Viscosa.<\/p>","protected":false},"featured_media":461781,"comment_status":"open","ping_status":"closed","template":"","meta":{"_acf_changed":false},"product_brand":[14181],"product_cat":[13974,13973,13980],"product_tag":[],"class_list":{"0":"post-461780","1":"product","2":"type-product","3":"status-publish","4":"has-post-thumbnail","6":"product_brand-jhk","7":"product_cat-ropa-hombre","8":"product_cat-ropa","9":"product_cat-h-sudaderas","10":"tm-no-options","12":"first","13":"instock","14":"taxable","15":"shipping-taxable","16":"product-type-variable"},"acf":[],"_links":{"self":[{"href":"https:\/\/grupotextil.es\/ca\/wp-json\/wp\/v2\/product\/461780","targetHints":{"allow":["GET"]}}],"collection":[{"href":"https:\/\/grupotextil.es\/ca\/wp-json\/wp\/v2\/product"}],"about":[{"href":"https:\/\/grupotextil.es\/ca\/wp-json\/wp\/v2\/types\/product"}],"replies":[{"embeddable":true,"href":"https:\/\/grupotextil.es\/ca\/wp-json\/wp\/v2\/comments?post=461780"}],"wp:featuredmedia":[{"embeddable":true,"href":"https:\/\/grupotextil.es\/ca\/wp-json\/wp\/v2\/media\/461781"}],"wp:attachment":[{"href":"https:\/\/grupotextil.es\/ca\/wp-json\/wp\/v2\/media?parent=461780"}],"wp:term":[{"taxonomy":"product_brand","embeddable":true,"href":"https:\/\/grupotextil.es\/ca\/wp-json\/wp\/v2\/product_brand?post=461780"},{"taxonomy":"product_cat","embeddable":true,"href":"https:\/\/grupotextil.es\/ca\/wp-json\/wp\/v2\/product_cat?post=461780"},{"taxonomy":"product_tag","embeddable":true,"href":"https:\/\/grupotextil.es\/ca\/wp-json\/wp\/v2\/product_tag?post=461780"}],"curies":[{"name":"wp","href":"https:\/\/api.w.org\/{rel}","templated":true}]}}