{"id":461802,"date":"2026-03-13T07:27:59","date_gmt":"2026-03-13T06:27:59","guid":{"rendered":"https:\/\/grupotextil.es\/producto\/sweat-pants-cuff-unisex\/"},"modified":"2026-03-13T07:27:59","modified_gmt":"2026-03-13T06:27:59","slug":"sweat-pants-cuff-unisex","status":"publish","type":"product","link":"https:\/\/grupotextil.es\/ca\/product\/sweat-pants-cuff-unisex\/","title":{"rendered":"Sweat Pants Cuff Unisex"},"content":{"rendered":"<p><strong>Pantal&oacute;n deportivo unisex, con bolsillos laterales, pu&ntilde;os en bajo y cintura el&aacute;stica con cord&oacute;n ajustable. <\/strong>Disponible ne 9 colores desde la talla S hasta la XXL.<\/p>\n<p>Caracter&iacute;sticas:<\/p>\n<ul>\n<li>Cintura el&aacute;stica con cord&oacute;n ajustable a tono.<\/li>\n<li>Bolsillos laterales.<\/li>\n<li>Pu&ntilde;os en bajo.<\/li>\n<li>Felpa perchada.<\/li>\n<\/ul>\n<p>Composici&oacute;n de colores:<\/p>\n<ul>\n<li>GM: 61% algod&oacute;n \/31% Poli&eacute;ster reciclado \/ 8% viscosa<\/li>\n<\/ul>","protected":false},"excerpt":{"rendered":"<p>Pantal\u00f3n deportivo unisex, con bolsillos laterales, pu\u00f1os en bajo y cintura el\u00e1stica con cord\u00f3n ajustable. Disponible ne 9 colores desde la talla S hasta la XXL.Caracter\u00edsticas:Cintura el\u00e1stica con cord\u00f3n ajustable a tono.Bolsillos laterales.Pu\u00f1os en bajo.Felpa perchada.Composici\u00f3n de color<\/p>","protected":false},"featured_media":461803,"comment_status":"open","ping_status":"closed","template":"","meta":{"_acf_changed":false},"product_brand":[14181],"product_cat":[13974,13973,13980],"product_tag":[],"class_list":{"0":"post-461802","1":"product","2":"type-product","3":"status-publish","4":"has-post-thumbnail","6":"product_brand-jhk","7":"product_cat-ropa-hombre","8":"product_cat-ropa","9":"product_cat-h-sudaderas","10":"tm-no-options","12":"first","13":"instock","14":"taxable","15":"shipping-taxable","16":"product-type-variable"},"acf":[],"_links":{"self":[{"href":"https:\/\/grupotextil.es\/ca\/wp-json\/wp\/v2\/product\/461802","targetHints":{"allow":["GET"]}}],"collection":[{"href":"https:\/\/grupotextil.es\/ca\/wp-json\/wp\/v2\/product"}],"about":[{"href":"https:\/\/grupotextil.es\/ca\/wp-json\/wp\/v2\/types\/product"}],"replies":[{"embeddable":true,"href":"https:\/\/grupotextil.es\/ca\/wp-json\/wp\/v2\/comments?post=461802"}],"wp:featuredmedia":[{"embeddable":true,"href":"https:\/\/grupotextil.es\/ca\/wp-json\/wp\/v2\/media\/461803"}],"wp:attachment":[{"href":"https:\/\/grupotextil.es\/ca\/wp-json\/wp\/v2\/media?parent=461802"}],"wp:term":[{"taxonomy":"product_brand","embeddable":true,"href":"https:\/\/grupotextil.es\/ca\/wp-json\/wp\/v2\/product_brand?post=461802"},{"taxonomy":"product_cat","embeddable":true,"href":"https:\/\/grupotextil.es\/ca\/wp-json\/wp\/v2\/product_cat?post=461802"},{"taxonomy":"product_tag","embeddable":true,"href":"https:\/\/grupotextil.es\/ca\/wp-json\/wp\/v2\/product_tag?post=461802"}],"curies":[{"name":"wp","href":"https:\/\/api.w.org\/{rel}","templated":true}]}}