{"id":464016,"date":"2026-03-13T07:39:07","date_gmt":"2026-03-13T06:39:07","guid":{"rendered":"https:\/\/grupotextil.es\/producto\/kid-hooded-french-terry-sweatshirt\/"},"modified":"2026-03-13T07:39:07","modified_gmt":"2026-03-13T06:39:07","slug":"kid-hooded-french-terry-sweatshirt","status":"publish","type":"product","link":"https:\/\/grupotextil.es\/ca\/product\/kid-hooded-french-terry-sweatshirt\/","title":{"rendered":"Kid Hooded French Terry Sweatshirt"},"content":{"rendered":"<p><strong>Sudadera infantil con capucha de cremallera entera cubierta y bolsillo de canguro<\/strong>. Disponible en 3 colores desde la talla 1\/2 hasta las 12\/14.&nbsp;<\/p>\n<p>Caracter&iacute;sticas:<\/p>\n<ul>\n<li>Sudadera con capucha.<\/li>\n<li>Felpa sin perchar, tejido ligero.<\/li>\n<li>Cremallera entera cubierta.<\/li>\n<li>Bolsillo canguro.<\/li>\n<li>2&#215;1 canal&eacute; con licra en pu&ntilde;os y bajo.<\/li>\n<\/ul>","protected":false},"excerpt":{"rendered":"<p>Sudadera infantil con capucha de cremallera entera cubierta y bolsillo de canguro. Disponible en 3 colores desde la talla 1\/2 hasta las 12\/14.\u00a0Caracter\u00edsticas:Sudadera con capucha.Felpa sin perchar, tejido ligero.Cremallera entera cubierta.Bolsillo canguro.2&#215;1 canal\u00e9 con licra en pu\u00f1os y bajo.<\/p>","protected":false},"featured_media":464017,"comment_status":"open","ping_status":"closed","template":"","meta":{"_acf_changed":false},"product_brand":[14181],"product_cat":[13974,13973,13980],"product_tag":[],"class_list":{"0":"post-464016","1":"product","2":"type-product","3":"status-publish","4":"has-post-thumbnail","6":"product_brand-jhk","7":"product_cat-ropa-hombre","8":"product_cat-ropa","9":"product_cat-h-sudaderas","10":"tm-no-options","12":"first","13":"instock","14":"taxable","15":"shipping-taxable","16":"product-type-variable"},"acf":[],"_links":{"self":[{"href":"https:\/\/grupotextil.es\/ca\/wp-json\/wp\/v2\/product\/464016","targetHints":{"allow":["GET"]}}],"collection":[{"href":"https:\/\/grupotextil.es\/ca\/wp-json\/wp\/v2\/product"}],"about":[{"href":"https:\/\/grupotextil.es\/ca\/wp-json\/wp\/v2\/types\/product"}],"replies":[{"embeddable":true,"href":"https:\/\/grupotextil.es\/ca\/wp-json\/wp\/v2\/comments?post=464016"}],"wp:featuredmedia":[{"embeddable":true,"href":"https:\/\/grupotextil.es\/ca\/wp-json\/wp\/v2\/media\/464017"}],"wp:attachment":[{"href":"https:\/\/grupotextil.es\/ca\/wp-json\/wp\/v2\/media?parent=464016"}],"wp:term":[{"taxonomy":"product_brand","embeddable":true,"href":"https:\/\/grupotextil.es\/ca\/wp-json\/wp\/v2\/product_brand?post=464016"},{"taxonomy":"product_cat","embeddable":true,"href":"https:\/\/grupotextil.es\/ca\/wp-json\/wp\/v2\/product_cat?post=464016"},{"taxonomy":"product_tag","embeddable":true,"href":"https:\/\/grupotextil.es\/ca\/wp-json\/wp\/v2\/product_tag?post=464016"}],"curies":[{"name":"wp","href":"https:\/\/api.w.org\/{rel}","templated":true}]}}