{"id":464276,"date":"2026-03-13T07:40:12","date_gmt":"2026-03-13T06:40:12","guid":{"rendered":"https:\/\/grupotextil.es\/producto\/sweatshirt-cvc-lady\/"},"modified":"2026-03-13T07:40:12","modified_gmt":"2026-03-13T06:40:12","slug":"sweatshirt-cvc-lady","status":"publish","type":"product","link":"https:\/\/grupotextil.es\/ca\/product\/sweatshirt-cvc-lady\/","title":{"rendered":"Sweatshirt  CVC Lady"},"content":{"rendered":"<p><strong>Sudadera&nbsp;de algod&oacute;n CVC (80% Algod&oacute;n \/ 20% Poli&eacute;ster) para mujer con cuello redondo perfecta para personalizar<\/strong>. Disponible en 7 colores desde la talla S hasta la XXL.&nbsp;<\/p>\n<p>Caracter&iacute;sticas:<\/p>\n<ul>\n<li>Doble costura en cuello, pu&ntilde;os y bajo.<\/li>\n<li>2&#215;1 canal&eacute; con elastano en pu&ntilde;os y bajo.<\/li>\n<li>Felpa perchada.<\/li>\n<\/ul>\n<p>Composici&oacute;n de colores:<\/p>\n<ul>\n<li>GM: 73% algod&oacute;n \/20% poli&eacute;ster \/ 7% viscosa<\/li>\n<\/ul>","protected":false},"excerpt":{"rendered":"<p>Sudadera\u00a0de algod\u00f3n CVC (80% Algod\u00f3n \/ 20% Poli\u00e9ster) para mujer con cuello redondo perfecta para personalizar. Disponible en 7 colores desde la talla S hasta la XXL.\u00a0Caracter\u00edsticas:Doble costura en cuello, pu\u00f1os y bajo.2&#215;1 canal\u00e9 con elastano en pu\u00f1os y bajo.Felpa perchada.Composici\u00f3n de<\/p>","protected":false},"featured_media":464277,"comment_status":"open","ping_status":"closed","template":"","meta":{"_acf_changed":false},"product_brand":[14181],"product_cat":[13974,13973,13980],"product_tag":[],"class_list":{"0":"post-464276","1":"product","2":"type-product","3":"status-publish","4":"has-post-thumbnail","6":"product_brand-jhk","7":"product_cat-ropa-hombre","8":"product_cat-ropa","9":"product_cat-h-sudaderas","10":"tm-no-options","12":"first","13":"instock","14":"taxable","15":"shipping-taxable","16":"product-type-variable"},"acf":[],"_links":{"self":[{"href":"https:\/\/grupotextil.es\/ca\/wp-json\/wp\/v2\/product\/464276","targetHints":{"allow":["GET"]}}],"collection":[{"href":"https:\/\/grupotextil.es\/ca\/wp-json\/wp\/v2\/product"}],"about":[{"href":"https:\/\/grupotextil.es\/ca\/wp-json\/wp\/v2\/types\/product"}],"replies":[{"embeddable":true,"href":"https:\/\/grupotextil.es\/ca\/wp-json\/wp\/v2\/comments?post=464276"}],"wp:featuredmedia":[{"embeddable":true,"href":"https:\/\/grupotextil.es\/ca\/wp-json\/wp\/v2\/media\/464277"}],"wp:attachment":[{"href":"https:\/\/grupotextil.es\/ca\/wp-json\/wp\/v2\/media?parent=464276"}],"wp:term":[{"taxonomy":"product_brand","embeddable":true,"href":"https:\/\/grupotextil.es\/ca\/wp-json\/wp\/v2\/product_brand?post=464276"},{"taxonomy":"product_cat","embeddable":true,"href":"https:\/\/grupotextil.es\/ca\/wp-json\/wp\/v2\/product_cat?post=464276"},{"taxonomy":"product_tag","embeddable":true,"href":"https:\/\/grupotextil.es\/ca\/wp-json\/wp\/v2\/product_tag?post=464276"}],"curies":[{"name":"wp","href":"https:\/\/api.w.org\/{rel}","templated":true}]}}