{"id":464548,"date":"2026-03-13T07:41:22","date_gmt":"2026-03-13T06:41:22","guid":{"rendered":"https:\/\/grupotextil.es\/producto\/lady-crew-neck-sweatshirt\/"},"modified":"2026-03-13T07:41:22","modified_gmt":"2026-03-13T06:41:22","slug":"lady-crew-neck-sweatshirt","status":"publish","type":"product","link":"https:\/\/grupotextil.es\/ca\/product\/lady-crew-neck-sweatshirt\/","title":{"rendered":"Lady Crew Neck Sweatshirt"},"content":{"rendered":"<p><strong>Sudadera de mujer con cuello redondo amplio y ligeramente entallada, en tejido sin perchar (French Terry).&nbsp;<\/strong><\/p>\n<p>Caracter&iacute;sticas:<\/p>\n<ul>\n<li>Doble costura en cuello, pu&ntilde;os y bajo.<\/li>\n<li>2&#215;1 canal&eacute; con elastano en cuello, pu&ntilde;os y bajo.<\/li>\n<li>Tejido sin perchar (French Terry).<\/li>\n<li>260 g\/m&sup2; aprox.<\/li>\n<li>65% Poli&eacute;ster \/ 35% Algod&oacute;n<\/li>\n<li>GM: 61% algod&oacute;n \/31% poli&eacute;ster \/ 8% viscosa<\/li>\n<\/ul>\n<p>&nbsp;<\/p>","protected":false},"excerpt":{"rendered":"<p>Sudadera de mujer con cuello redondo amplio y ligeramente entallada, en tejido sin perchar (French Terry).\u00a0Caracter\u00edsticas:Doble costura en cuello, pu\u00f1os y bajo.2&#215;1 canal\u00e9 con elastano en cuello, pu\u00f1os y bajo.Tejido sin perchar (French Terry).260 g\/m\u00b2 aprox.65% Poli\u00e9ster \/ 35% Algod\u00f3nGM: 61%<\/p>","protected":false},"featured_media":464549,"comment_status":"open","ping_status":"closed","template":"","meta":{"_acf_changed":false},"product_brand":[],"product_cat":[13974,13973,13980],"product_tag":[],"class_list":{"0":"post-464548","1":"product","2":"type-product","3":"status-publish","4":"has-post-thumbnail","6":"product_cat-ropa-hombre","7":"product_cat-ropa","8":"product_cat-h-sudaderas","9":"tm-no-options","11":"first","12":"instock","13":"taxable","14":"shipping-taxable","15":"product-type-variable"},"acf":[],"_links":{"self":[{"href":"https:\/\/grupotextil.es\/ca\/wp-json\/wp\/v2\/product\/464548","targetHints":{"allow":["GET"]}}],"collection":[{"href":"https:\/\/grupotextil.es\/ca\/wp-json\/wp\/v2\/product"}],"about":[{"href":"https:\/\/grupotextil.es\/ca\/wp-json\/wp\/v2\/types\/product"}],"replies":[{"embeddable":true,"href":"https:\/\/grupotextil.es\/ca\/wp-json\/wp\/v2\/comments?post=464548"}],"wp:featuredmedia":[{"embeddable":true,"href":"https:\/\/grupotextil.es\/ca\/wp-json\/wp\/v2\/media\/464549"}],"wp:attachment":[{"href":"https:\/\/grupotextil.es\/ca\/wp-json\/wp\/v2\/media?parent=464548"}],"wp:term":[{"taxonomy":"product_brand","embeddable":true,"href":"https:\/\/grupotextil.es\/ca\/wp-json\/wp\/v2\/product_brand?post=464548"},{"taxonomy":"product_cat","embeddable":true,"href":"https:\/\/grupotextil.es\/ca\/wp-json\/wp\/v2\/product_cat?post=464548"},{"taxonomy":"product_tag","embeddable":true,"href":"https:\/\/grupotextil.es\/ca\/wp-json\/wp\/v2\/product_tag?post=464548"}],"curies":[{"name":"wp","href":"https:\/\/api.w.org\/{rel}","templated":true}]}}