{"id":465098,"date":"2026-03-13T07:43:37","date_gmt":"2026-03-13T06:43:37","guid":{"rendered":"https:\/\/grupotextil.es\/producto\/tonga-kid\/"},"modified":"2026-03-13T07:43:37","modified_gmt":"2026-03-13T06:43:37","slug":"tonga-kid","status":"publish","type":"product","link":"https:\/\/grupotextil.es\/ca\/product\/tonga-kid\/","title":{"rendered":"Tonga Kid"},"content":{"rendered":"<p><strong>Camiseta de ni&ntilde;a de manga corta, ligeramente entallada, con cuello fino y 100% algod&oacute;n<\/strong>. Etiqueta removible. Disponible en 13 colores y desde la talla 3\/4 hasta la 12\/14.<\/p>\n<p>Caracter&iacute;sticas:<\/p>\n<ul>\n<li>Punto liso.<\/li>\n<li>Ligeramente entallada.<\/li>\n<li>Cuello con canal&eacute; 1&#215;1.<\/li>\n<li>Etiqueta removible<\/li>\n<\/ul>\n<p>Composici&oacute;n de colores:<\/p>\n<ul>\n<li>GM &#8211; 85% Algod&oacute;n \/ 15% Viscosa<\/li>\n<\/ul>","protected":false},"excerpt":{"rendered":"<p>Camiseta de ni\u00f1a de manga corta, ligeramente entallada, con cuello fino y 100% algod\u00f3n. Etiqueta removible. Disponible en 13 colores y desde la talla 3\/4 hasta la 12\/14.Caracter\u00edsticas:Punto liso.Ligeramente entallada.Cuello con canal\u00e9 1&#215;1.Etiqueta removibleComposici\u00f3n de colores:GM &#8211; 85% Algod<\/p>","protected":false},"featured_media":465099,"comment_status":"open","ping_status":"closed","template":"","meta":{"_acf_changed":false},"product_brand":[],"product_cat":[13986,13977,13974,13975,13973],"product_tag":[],"class_list":{"0":"post-465098","1":"product","2":"type-product","3":"status-publish","4":"has-post-thumbnail","6":"product_cat-m-camisetas-manga-corta","7":"product_cat-h-camisetas-manga-corta","8":"product_cat-ropa-hombre","9":"product_cat-ropa-mujer","10":"product_cat-ropa","11":"tm-no-options","13":"first","14":"instock","15":"taxable","16":"shipping-taxable","17":"product-type-variable"},"acf":[],"_links":{"self":[{"href":"https:\/\/grupotextil.es\/ca\/wp-json\/wp\/v2\/product\/465098","targetHints":{"allow":["GET"]}}],"collection":[{"href":"https:\/\/grupotextil.es\/ca\/wp-json\/wp\/v2\/product"}],"about":[{"href":"https:\/\/grupotextil.es\/ca\/wp-json\/wp\/v2\/types\/product"}],"replies":[{"embeddable":true,"href":"https:\/\/grupotextil.es\/ca\/wp-json\/wp\/v2\/comments?post=465098"}],"wp:featuredmedia":[{"embeddable":true,"href":"https:\/\/grupotextil.es\/ca\/wp-json\/wp\/v2\/media\/465099"}],"wp:attachment":[{"href":"https:\/\/grupotextil.es\/ca\/wp-json\/wp\/v2\/media?parent=465098"}],"wp:term":[{"taxonomy":"product_brand","embeddable":true,"href":"https:\/\/grupotextil.es\/ca\/wp-json\/wp\/v2\/product_brand?post=465098"},{"taxonomy":"product_cat","embeddable":true,"href":"https:\/\/grupotextil.es\/ca\/wp-json\/wp\/v2\/product_cat?post=465098"},{"taxonomy":"product_tag","embeddable":true,"href":"https:\/\/grupotextil.es\/ca\/wp-json\/wp\/v2\/product_tag?post=465098"}],"curies":[{"name":"wp","href":"https:\/\/api.w.org\/{rel}","templated":true}]}}