{"id":465711,"date":"2026-03-13T07:55:13","date_gmt":"2026-03-13T06:55:13","guid":{"rendered":"https:\/\/grupotextil.es\/producto\/unisex-330-sweatshirt\/"},"modified":"2026-03-13T08:58:55","modified_gmt":"2026-03-13T07:58:55","slug":"unisex-330-sweatshirt","status":"publish","type":"product","link":"https:\/\/grupotextil.es\/ca\/product\/unisex-330-sweatshirt\/","title":{"rendered":"Unisex 330 Sweatshirt"},"content":{"rendered":"<p><strong>Sudadera cl&aacute;sica unisex con cuello redondo, de 330 gr, dise&ntilde;ada para climas muy fr&iacute;os<\/strong>. Disponible en 6 colores y desde la talla XS hasta la 3XL.&nbsp;Disponible so?lo en algunos mercados.<\/p>\n<p>Caracter&iacute;sticas:<\/p>\n<ul>\n<li>Sudadera con cuello redondo.<\/li>\n<li>Doble costura en cuello, pu&ntilde;os y bajo.<\/li>\n<li>1&#215;1 canal&eacute; con lycra en cuello, pu&ntilde;os y bajo.<\/li>\n<li>330 g\/m&sup2; aprox.<\/li>\n<li>65% Poli&eacute;ster \/ 35% Algod&oacute;n<\/li>\n<\/ul>\n<p>&nbsp;<\/p>","protected":false},"excerpt":{"rendered":"<p>Sudadera cl\u00e1sica unisex con cuello redondo, de 330 gr, dise\u00f1ada para climas muy fr\u00edos. Disponible en 6 colores y desde la talla XS hasta la 3XL.<\/p>","protected":false},"featured_media":471355,"comment_status":"open","ping_status":"closed","template":"","meta":{"_acf_changed":false},"product_brand":[14181],"product_cat":[13974,13973,13980],"product_tag":[],"class_list":{"0":"post-465711","1":"product","2":"type-product","3":"status-publish","4":"has-post-thumbnail","6":"product_brand-jhk","7":"product_cat-ropa-hombre","8":"product_cat-ropa","9":"product_cat-h-sudaderas","10":"tm-no-options","12":"first","13":"instock","14":"taxable","15":"shipping-taxable","16":"product-type-variable"},"acf":[],"_links":{"self":[{"href":"https:\/\/grupotextil.es\/ca\/wp-json\/wp\/v2\/product\/465711","targetHints":{"allow":["GET"]}}],"collection":[{"href":"https:\/\/grupotextil.es\/ca\/wp-json\/wp\/v2\/product"}],"about":[{"href":"https:\/\/grupotextil.es\/ca\/wp-json\/wp\/v2\/types\/product"}],"replies":[{"embeddable":true,"href":"https:\/\/grupotextil.es\/ca\/wp-json\/wp\/v2\/comments?post=465711"}],"wp:featuredmedia":[{"embeddable":true,"href":"https:\/\/grupotextil.es\/ca\/wp-json\/wp\/v2\/media\/471355"}],"wp:attachment":[{"href":"https:\/\/grupotextil.es\/ca\/wp-json\/wp\/v2\/media?parent=465711"}],"wp:term":[{"taxonomy":"product_brand","embeddable":true,"href":"https:\/\/grupotextil.es\/ca\/wp-json\/wp\/v2\/product_brand?post=465711"},{"taxonomy":"product_cat","embeddable":true,"href":"https:\/\/grupotextil.es\/ca\/wp-json\/wp\/v2\/product_cat?post=465711"},{"taxonomy":"product_tag","embeddable":true,"href":"https:\/\/grupotextil.es\/ca\/wp-json\/wp\/v2\/product_tag?post=465711"}],"curies":[{"name":"wp","href":"https:\/\/api.w.org\/{rel}","templated":true}]}}