{"id":467902,"date":"2026-03-13T08:04:54","date_gmt":"2026-03-13T07:04:54","guid":{"rendered":"https:\/\/grupotextil.es\/producto\/playsuit-baby\/"},"modified":"2026-03-13T08:04:54","modified_gmt":"2026-03-13T07:04:54","slug":"playsuit-baby","status":"publish","type":"product","link":"https:\/\/grupotextil.es\/ca\/product\/playsuit-baby\/","title":{"rendered":"Playsuit Baby"},"content":{"rendered":"<p><strong>Mono corto de beb&eacute; unisex con manga corta, 100% algod&oacute;n<\/strong>. Ideal para personalizar con serigraf&iacute;a, vinilo o transfer. Disponible en 5 colores y desde la talla 3 meses hasta los 18 meses. Etiqueta removible.<\/p>\n<p>Caracter&iacute;sticas:<\/p>\n<ul>\n<li>Mono corto con corchetes de metal en hombro y bajo.<\/li>\n<li>Cuello con canal&eacute; 1&#215;1.<\/li>\n<li>Etiqueta removible<\/li>\n<\/ul>\n<p>Composici&oacute;n de colores:<\/p>\n<ul>\n<li>GM &#8211; 85% Algod&oacute;n \/ 15% Viscosa<\/li>\n<\/ul>","protected":false},"excerpt":{"rendered":"<p>Mono corto de beb\u00e9 unisex con manga corta, 100% algod\u00f3n. Ideal para personalizar con serigraf\u00eda, vinilo o transfer.<\/p>","protected":false},"featured_media":467903,"comment_status":"open","ping_status":"closed","template":"","meta":{"_acf_changed":false},"product_brand":[14181],"product_cat":[13977,13986,13974,13975,13973],"product_tag":[],"class_list":{"0":"post-467902","1":"product","2":"type-product","3":"status-publish","4":"has-post-thumbnail","6":"product_brand-jhk","7":"product_cat-h-camisetas-manga-corta","8":"product_cat-m-camisetas-manga-corta","9":"product_cat-ropa-hombre","10":"product_cat-ropa-mujer","11":"product_cat-ropa","12":"tm-no-options","14":"first","15":"instock","16":"taxable","17":"shipping-taxable","18":"product-type-variable"},"acf":[],"_links":{"self":[{"href":"https:\/\/grupotextil.es\/ca\/wp-json\/wp\/v2\/product\/467902","targetHints":{"allow":["GET"]}}],"collection":[{"href":"https:\/\/grupotextil.es\/ca\/wp-json\/wp\/v2\/product"}],"about":[{"href":"https:\/\/grupotextil.es\/ca\/wp-json\/wp\/v2\/types\/product"}],"replies":[{"embeddable":true,"href":"https:\/\/grupotextil.es\/ca\/wp-json\/wp\/v2\/comments?post=467902"}],"wp:featuredmedia":[{"embeddable":true,"href":"https:\/\/grupotextil.es\/ca\/wp-json\/wp\/v2\/media\/467903"}],"wp:attachment":[{"href":"https:\/\/grupotextil.es\/ca\/wp-json\/wp\/v2\/media?parent=467902"}],"wp:term":[{"taxonomy":"product_brand","embeddable":true,"href":"https:\/\/grupotextil.es\/ca\/wp-json\/wp\/v2\/product_brand?post=467902"},{"taxonomy":"product_cat","embeddable":true,"href":"https:\/\/grupotextil.es\/ca\/wp-json\/wp\/v2\/product_cat?post=467902"},{"taxonomy":"product_tag","embeddable":true,"href":"https:\/\/grupotextil.es\/ca\/wp-json\/wp\/v2\/product_tag?post=467902"}],"curies":[{"name":"wp","href":"https:\/\/api.w.org\/{rel}","templated":true}]}}