{"id":468269,"date":"2026-03-13T08:06:43","date_gmt":"2026-03-13T07:06:43","guid":{"rendered":"https:\/\/grupotextil.es\/producto\/t-shirt-ls-kid\/"},"modified":"2026-03-13T08:06:43","modified_gmt":"2026-03-13T07:06:43","slug":"t-shirt-ls-kid","status":"publish","type":"product","link":"https:\/\/grupotextil.es\/ca\/product\/t-shirt-ls-kid\/","title":{"rendered":"T-Shirt LS Kid"},"content":{"rendered":"<p><strong>Camiseta b&aacute;sica unisex para ni&ntilde;os de manga larga, 100% algod&oacute;n preencogido, perfecta para personalizar.<\/strong> Disponible en 12 colores y desde la talla 1-2 hasta la 12-14. Etiqueta removible.&nbsp;<\/p>\n<p>Caracter&iacute;sticas:&nbsp;<\/p>\n<ul>\n<li>Cuello canal&eacute; 1&#215;1.<\/li>\n<li>Costuras laterales.<\/li>\n<li>Doble costura en mangas y bajo.<\/li>\n<li>Refuerzo de hombro a hombro.<\/li>\n<li>Etiqueta removible<\/li>\n<\/ul>\n<p>Composici&oacute;n de colores:<\/p>\n<ul>\n<li>GM &#8211; 85% Algod&oacute;n \/ 15% Viscosa<\/li>\n<\/ul>","protected":false},"excerpt":{"rendered":"<p>Camiseta b\u00e1sica unisex para ni\u00f1os de manga larga, 100% algod\u00f3n preencogido, perfecta para personalizar. Disponible en 12 colores y desde la talla 1-2 hasta la 12-14.<\/p>","protected":false},"featured_media":468270,"comment_status":"open","ping_status":"closed","template":"","meta":{"_acf_changed":false},"product_brand":[14181],"product_cat":[13986,13977,13974,13975,13973],"product_tag":[],"class_list":{"0":"post-468269","1":"product","2":"type-product","3":"status-publish","4":"has-post-thumbnail","6":"product_brand-jhk","7":"product_cat-m-camisetas-manga-corta","8":"product_cat-h-camisetas-manga-corta","9":"product_cat-ropa-hombre","10":"product_cat-ropa-mujer","11":"product_cat-ropa","12":"tm-no-options","14":"first","15":"instock","16":"taxable","17":"shipping-taxable","18":"product-type-variable"},"acf":[],"_links":{"self":[{"href":"https:\/\/grupotextil.es\/ca\/wp-json\/wp\/v2\/product\/468269","targetHints":{"allow":["GET"]}}],"collection":[{"href":"https:\/\/grupotextil.es\/ca\/wp-json\/wp\/v2\/product"}],"about":[{"href":"https:\/\/grupotextil.es\/ca\/wp-json\/wp\/v2\/types\/product"}],"replies":[{"embeddable":true,"href":"https:\/\/grupotextil.es\/ca\/wp-json\/wp\/v2\/comments?post=468269"}],"wp:featuredmedia":[{"embeddable":true,"href":"https:\/\/grupotextil.es\/ca\/wp-json\/wp\/v2\/media\/468270"}],"wp:attachment":[{"href":"https:\/\/grupotextil.es\/ca\/wp-json\/wp\/v2\/media?parent=468269"}],"wp:term":[{"taxonomy":"product_brand","embeddable":true,"href":"https:\/\/grupotextil.es\/ca\/wp-json\/wp\/v2\/product_brand?post=468269"},{"taxonomy":"product_cat","embeddable":true,"href":"https:\/\/grupotextil.es\/ca\/wp-json\/wp\/v2\/product_cat?post=468269"},{"taxonomy":"product_tag","embeddable":true,"href":"https:\/\/grupotextil.es\/ca\/wp-json\/wp\/v2\/product_tag?post=468269"}],"curies":[{"name":"wp","href":"https:\/\/api.w.org\/{rel}","templated":true}]}}