{"id":468356,"date":"2026-03-13T08:07:30","date_gmt":"2026-03-13T07:07:30","guid":{"rendered":"https:\/\/grupotextil.es\/producto\/premium-t-shirt-kid\/"},"modified":"2026-03-13T08:07:30","modified_gmt":"2026-03-13T07:07:30","slug":"premium-t-shirt-kid","status":"publish","type":"product","link":"https:\/\/grupotextil.es\/ca\/product\/premium-t-shirt-kid\/","title":{"rendered":"Premium T-Shirt Kid"},"content":{"rendered":"<p><strong>Camiseta b&aacute;sica unisex para ni&ntilde;o de manga corta, 100% algod&oacute;n preencogido.<\/strong> Ideal para personalizar con serigraf&iacute;a, vinilo, transfer e impresi&oacute;n digital. Etiqueta removible. Camiseta recomendada para climas m&aacute;s fr&iacute;os por su gramaje de 190 gr. Disponible 25 colores y desde la talla 3\/4 hasta la 12\/14 a&ntilde;os. Disponible tambi&eacute;n para hombre y mujer.<\/p>\n<p>Caracter&iacute;sticas:<\/p>\n<ul>\n<li>Camiseta lisa infantil con costuras laterales.<\/li>\n<li>Cuello&nbsp;canale 1&#215;1.<\/li>\n<li>Doble costura en mangas y bajos.<\/li>\n<li>Refuerzo de hombro a hombro.<\/li>\n<li>Etiqueta removible<\/li>\n<\/ul>\n<p>Composici&oacute;n de colores:<\/p>\n<ul>\n<li>GM: 85% algod&oacute;n \/ 15% viscosa.<\/li>\n<li>AS: 98% algod&oacute;n \/ 2% viscosa.<\/li>\n<li>PFD: Camiseta especial para tintar, talla m&aacute;s grande.<\/li>\n<\/ul>","protected":false},"excerpt":{"rendered":"<p>Camiseta b\u00e1sica unisex para ni\u00f1o de manga corta, 100% algod\u00f3n preencogido. Ideal para personalizar con serigraf\u00eda, vinilo, transfer e impresi\u00f3n digital.<\/p>","protected":false},"featured_media":468357,"comment_status":"open","ping_status":"closed","template":"","meta":{"_acf_changed":false},"product_brand":[14181],"product_cat":[13977,13986,13974,13975,13973],"product_tag":[],"class_list":{"0":"post-468356","1":"product","2":"type-product","3":"status-publish","4":"has-post-thumbnail","6":"product_brand-jhk","7":"product_cat-h-camisetas-manga-corta","8":"product_cat-m-camisetas-manga-corta","9":"product_cat-ropa-hombre","10":"product_cat-ropa-mujer","11":"product_cat-ropa","12":"tm-no-options","14":"first","15":"instock","16":"taxable","17":"shipping-taxable","18":"product-type-variable"},"acf":[],"_links":{"self":[{"href":"https:\/\/grupotextil.es\/ca\/wp-json\/wp\/v2\/product\/468356","targetHints":{"allow":["GET"]}}],"collection":[{"href":"https:\/\/grupotextil.es\/ca\/wp-json\/wp\/v2\/product"}],"about":[{"href":"https:\/\/grupotextil.es\/ca\/wp-json\/wp\/v2\/types\/product"}],"replies":[{"embeddable":true,"href":"https:\/\/grupotextil.es\/ca\/wp-json\/wp\/v2\/comments?post=468356"}],"wp:featuredmedia":[{"embeddable":true,"href":"https:\/\/grupotextil.es\/ca\/wp-json\/wp\/v2\/media\/468357"}],"wp:attachment":[{"href":"https:\/\/grupotextil.es\/ca\/wp-json\/wp\/v2\/media?parent=468356"}],"wp:term":[{"taxonomy":"product_brand","embeddable":true,"href":"https:\/\/grupotextil.es\/ca\/wp-json\/wp\/v2\/product_brand?post=468356"},{"taxonomy":"product_cat","embeddable":true,"href":"https:\/\/grupotextil.es\/ca\/wp-json\/wp\/v2\/product_cat?post=468356"},{"taxonomy":"product_tag","embeddable":true,"href":"https:\/\/grupotextil.es\/ca\/wp-json\/wp\/v2\/product_tag?post=468356"}],"curies":[{"name":"wp","href":"https:\/\/api.w.org\/{rel}","templated":true}]}}