{"id":470673,"date":"2026-03-13T08:29:33","date_gmt":"2026-03-13T07:29:33","guid":{"rendered":"https:\/\/grupotextil.es\/producto\/arizona-lady-cargo\/"},"modified":"2026-03-13T08:29:33","modified_gmt":"2026-03-13T07:29:33","slug":"arizona-lady-cargo","status":"publish","type":"product","link":"https:\/\/grupotextil.es\/ca\/product\/arizona-lady-cargo\/","title":{"rendered":"ARIZONA LADY (CARGO)"},"content":{"rendered":"<p>Pantal&oacute;n multibolsillos de mujer. Cintura con el&aacute;stico en los laterales y cierre central con cremallera y bot&oacute;n. Bolsillos en la parte delantera. Un bolsillo con solapa en el lateral y con cierre de velcro en el lado derecho. En la parte de atr&aacute;s, dos bolsillos de solapa con cierre de velcro. Cuatro pinzas en la rodilla para dar m&aacute;s capacidad y facilidad de uso. Dos costuras decorativas en la parte delantera<\/p>","protected":false},"excerpt":{"rendered":"<p>Pantal\u00f3n multibolsillos de mujer. Cintura con el\u00e1stico en los laterales y cierre central con cremallera y bot\u00f3n.<\/p>","protected":false},"featured_media":470674,"comment_status":"open","ping_status":"closed","template":"","meta":{"_acf_changed":false},"product_brand":[14182],"product_cat":[13974,13975,13973],"product_tag":[],"class_list":{"0":"post-470673","1":"product","2":"type-product","3":"status-publish","4":"has-post-thumbnail","6":"product_brand-wk-designed-to-work","7":"product_cat-ropa-hombre","8":"product_cat-ropa-mujer","9":"product_cat-ropa","10":"tm-no-options","12":"first","13":"instock","14":"taxable","15":"shipping-taxable","16":"product-type-variable"},"acf":[],"_links":{"self":[{"href":"https:\/\/grupotextil.es\/ca\/wp-json\/wp\/v2\/product\/470673","targetHints":{"allow":["GET"]}}],"collection":[{"href":"https:\/\/grupotextil.es\/ca\/wp-json\/wp\/v2\/product"}],"about":[{"href":"https:\/\/grupotextil.es\/ca\/wp-json\/wp\/v2\/types\/product"}],"replies":[{"embeddable":true,"href":"https:\/\/grupotextil.es\/ca\/wp-json\/wp\/v2\/comments?post=470673"}],"wp:featuredmedia":[{"embeddable":true,"href":"https:\/\/grupotextil.es\/ca\/wp-json\/wp\/v2\/media\/470674"}],"wp:attachment":[{"href":"https:\/\/grupotextil.es\/ca\/wp-json\/wp\/v2\/media?parent=470673"}],"wp:term":[{"taxonomy":"product_brand","embeddable":true,"href":"https:\/\/grupotextil.es\/ca\/wp-json\/wp\/v2\/product_brand?post=470673"},{"taxonomy":"product_cat","embeddable":true,"href":"https:\/\/grupotextil.es\/ca\/wp-json\/wp\/v2\/product_cat?post=470673"},{"taxonomy":"product_tag","embeddable":true,"href":"https:\/\/grupotextil.es\/ca\/wp-json\/wp\/v2\/product_tag?post=470673"}],"curies":[{"name":"wp","href":"https:\/\/api.w.org\/{rel}","templated":true}]}}