{"id":470975,"date":"2026-03-13T08:32:02","date_gmt":"2026-03-13T07:32:02","guid":{"rendered":"https:\/\/grupotextil.es\/producto\/larisa-2\/"},"modified":"2026-03-13T08:32:02","modified_gmt":"2026-03-13T07:32:02","slug":"larisa-2","status":"publish","type":"product","link":"https:\/\/grupotextil.es\/ca\/product\/larisa-2\/","title":{"rendered":"LARISA"},"content":{"rendered":"<p style=\"text-align: left\">Pantal&oacute;n corto de mujer. Cintura el&aacute;stica con cremallera y bot&oacute;n.&nbsp; Cinco trabillas y cremallera a tono.<\/p>\n<p style=\"text-align: left\">Con dobladillo inferior. Bolsillos laterales.<\/p>","protected":false},"excerpt":{"rendered":"<p>Pantal\u00f3n corto de mujer. Cintura el\u00e1stica con cremallera y bot\u00f3n.<\/p>","protected":false},"featured_media":470976,"comment_status":"open","ping_status":"closed","template":"","meta":{"_acf_changed":false},"product_brand":[14182],"product_cat":[13974,13975,13973],"product_tag":[],"class_list":{"0":"post-470975","1":"product","2":"type-product","3":"status-publish","4":"has-post-thumbnail","6":"product_brand-wk-designed-to-work","7":"product_cat-ropa-hombre","8":"product_cat-ropa-mujer","9":"product_cat-ropa","10":"tm-no-options","12":"first","13":"instock","14":"taxable","15":"shipping-taxable","16":"product-type-variable"},"acf":[],"_links":{"self":[{"href":"https:\/\/grupotextil.es\/ca\/wp-json\/wp\/v2\/product\/470975","targetHints":{"allow":["GET"]}}],"collection":[{"href":"https:\/\/grupotextil.es\/ca\/wp-json\/wp\/v2\/product"}],"about":[{"href":"https:\/\/grupotextil.es\/ca\/wp-json\/wp\/v2\/types\/product"}],"replies":[{"embeddable":true,"href":"https:\/\/grupotextil.es\/ca\/wp-json\/wp\/v2\/comments?post=470975"}],"wp:featuredmedia":[{"embeddable":true,"href":"https:\/\/grupotextil.es\/ca\/wp-json\/wp\/v2\/media\/470976"}],"wp:attachment":[{"href":"https:\/\/grupotextil.es\/ca\/wp-json\/wp\/v2\/media?parent=470975"}],"wp:term":[{"taxonomy":"product_brand","embeddable":true,"href":"https:\/\/grupotextil.es\/ca\/wp-json\/wp\/v2\/product_brand?post=470975"},{"taxonomy":"product_cat","embeddable":true,"href":"https:\/\/grupotextil.es\/ca\/wp-json\/wp\/v2\/product_cat?post=470975"},{"taxonomy":"product_tag","embeddable":true,"href":"https:\/\/grupotextil.es\/ca\/wp-json\/wp\/v2\/product_tag?post=470975"}],"curies":[{"name":"wp","href":"https:\/\/api.w.org\/{rel}","templated":true}]}}