{"id":471011,"date":"2026-03-13T08:32:18","date_gmt":"2026-03-13T07:32:18","guid":{"rendered":"https:\/\/grupotextil.es\/producto\/lisbon-scrub-unisex\/"},"modified":"2026-03-13T08:32:18","modified_gmt":"2026-03-13T07:32:18","slug":"lisbon-scrub-unisex","status":"publish","type":"product","link":"https:\/\/grupotextil.es\/ca\/product\/lisbon-scrub-unisex\/","title":{"rendered":"LISBON (SCRUB) Unisex"},"content":{"rendered":"<p>Pantal&oacute;n servicios recto unisex.<br \/>El&aacute;stico en la cintura con bot&oacute;n central y cierre de cremallera.<\/p>\n<p>Bolsillo en el lado derecho de la espalda.<\/p>","protected":false},"excerpt":{"rendered":"<p>Pantal\u00f3n servicios recto unisex.El\u00e1stico en la cintura con bot\u00f3n central y cierre de cremallera. Bolsillo en el lado derecho de la espalda.<\/p>","protected":false},"featured_media":471012,"comment_status":"open","ping_status":"closed","template":"","meta":{"_acf_changed":false},"product_brand":[14182],"product_cat":[13974,13975,13973],"product_tag":[],"class_list":{"0":"post-471011","1":"product","2":"type-product","3":"status-publish","4":"has-post-thumbnail","6":"product_brand-wk-designed-to-work","7":"product_cat-ropa-hombre","8":"product_cat-ropa-mujer","9":"product_cat-ropa","10":"tm-no-options","12":"first","13":"instock","14":"taxable","15":"shipping-taxable","16":"product-type-variable"},"acf":[],"_links":{"self":[{"href":"https:\/\/grupotextil.es\/ca\/wp-json\/wp\/v2\/product\/471011","targetHints":{"allow":["GET"]}}],"collection":[{"href":"https:\/\/grupotextil.es\/ca\/wp-json\/wp\/v2\/product"}],"about":[{"href":"https:\/\/grupotextil.es\/ca\/wp-json\/wp\/v2\/types\/product"}],"replies":[{"embeddable":true,"href":"https:\/\/grupotextil.es\/ca\/wp-json\/wp\/v2\/comments?post=471011"}],"wp:featuredmedia":[{"embeddable":true,"href":"https:\/\/grupotextil.es\/ca\/wp-json\/wp\/v2\/media\/471012"}],"wp:attachment":[{"href":"https:\/\/grupotextil.es\/ca\/wp-json\/wp\/v2\/media?parent=471011"}],"wp:term":[{"taxonomy":"product_brand","embeddable":true,"href":"https:\/\/grupotextil.es\/ca\/wp-json\/wp\/v2\/product_brand?post=471011"},{"taxonomy":"product_cat","embeddable":true,"href":"https:\/\/grupotextil.es\/ca\/wp-json\/wp\/v2\/product_cat?post=471011"},{"taxonomy":"product_tag","embeddable":true,"href":"https:\/\/grupotextil.es\/ca\/wp-json\/wp\/v2\/product_tag?post=471011"}],"curies":[{"name":"wp","href":"https:\/\/api.w.org\/{rel}","templated":true}]}}