{"id":240659,"date":"2026-03-04T16:20:28","date_gmt":"2026-03-04T15:20:28","guid":{"rendered":"https:\/\/grupotextil.es\/marca-printer\/"},"modified":"2026-03-04T16:20:28","modified_gmt":"2026-03-04T15:20:28","slug":"marca-printer","status":"publish","type":"page","link":"https:\/\/grupotextil.es\/en\/marca-printer\/","title":{"rendered":"Printer \u2014 Personalizaci\u00f3n Textil"},"content":{"rendered":"<div class=\"gt-collection-hero\" style=\"background:linear-gradient(135deg,#6600cc 0%,#1a0a24 100%);margin-left:calc(50% - 50vw);margin-right:calc(50% - 50vw);margin-top:-40px;padding:64px 24px 56px\">\n  <div style=\"max-width:1100px;margin:0 auto\">\n    <p style=\"font-size:11px;font-weight:700;letter-spacing:4px;text-transform:uppercase;color:rgba(255,255,255,0.6);margin-bottom:12px\">NEW WAVE GROUP \u00b7 DISTRIBUIDOR OFICIAL<\/p>\n    <h1 style=\"font-size:clamp(28px,4.5vw,52px);font-weight:900;color:#fff;margin:0 0 12px\">Printer<\/h1>\n    <p style=\"font-size:16px;color:rgba(255,255,255,0.75);margin:0 0 28px\">Textil para personalizaci\u00f3n \u00b7 Serigraf\u00eda \u00b7 DTF<\/p>\n    <a href=\"\/en\/tienda\/?filter_brand=printer\" style=\"display:inline-block;padding:13px 28px;background:#745031;color:#fff;font-weight:700;font-size:14px;border-radius:35px;text-decoration:none\">Ver productos Printer \u2192<\/a>\n  <\/div>\n<\/div>\n\n\n\n<div style=\"max-width:960px;margin:60px auto;padding:0 20px;display:grid;grid-template-columns:1fr 3fr;gap:40px;align-items:start\">\n  <div>\n    <p style=\"font-size:12px;font-weight:700;letter-spacing:3px;text-transform:uppercase;color:#745031;margin-bottom:6px\">DATOS<\/p>\n    <ul style=\"list-style:none;padding:0;margin:0;font-size:0.9rem;color:#555;line-height:2\">\n      <li><strong style=\"color:#745031\">Origen:<\/strong> Suecia<\/li>\n      <li><strong style=\"color:#745031\">Fundada:<\/strong> 1998<\/li>\n      <li><strong style=\"color:#745031\">Grupo:<\/strong> New Wave Group<\/li>\n      <li><strong style=\"color:#745031\">Productos:<\/strong> 66 referencias<\/li>\n      <li style=\"margin-top:8px\"><a href=\"https:\/\/www.newwave.es\/marcas\/printer\/\" target=\"_blank\" rel=\"noopener\" style=\"color:#745031;font-weight:600;text-decoration:none\">Web oficial \u2197<\/a><\/li>\n    <\/ul>\n  <\/div>\n  <div>\n    <p style=\"font-size:12px;font-weight:700;letter-spacing:3px;text-transform:uppercase;color:#745031;margin-bottom:12px\">SOBRE LA MARCA<\/p>\n    <p style=\"font-size:1.05rem;color:#333;line-height:1.8;margin:0\">Printer es la familia de marcas de New Wave Group espec\u00edficamente dise\u00f1ada para la industria de la personalizaci\u00f3n textil. Cada prenda Printer est\u00e1 optimizada para ofrecer el mejor resultado en serigraf\u00eda, bordado, transfer, sublimaci\u00f3n y DTG (Direct to Garment). Amplia zonas de impresi\u00f3n, colores s\u00f3lidos y gramajes estables garantizan resultados profesionales en cada partida. La familia incluye tres gamas: Printer (gama est\u00e1ndar), Printer PRIME (premium sostenible) y Printer RED (precio competitivo).<\/p>\n  <\/div>\n<\/div>\n\n<div style=\"text-align:center;padding:40px 20px 20px\">\n  <p style=\"font-size:12px;font-weight:700;letter-spacing:3px;text-transform:uppercase;color:#745031;margin-bottom:10px\">COLECCIONES<\/p>\n  <h2 style=\"font-size:clamp(22px,3.5vw,32px);font-weight:800;color:#745031;margin:0\">L\u00edneas de producto<\/h2>\n<\/div>\n\n<div style=\"max-width:1140px;margin:0 auto 60px;padding:0 20px;display:grid;grid-template-columns:repeat(auto-fit,minmax(240px,1fr));gap:20px\">\n<div style=\"background:#fff;border:1px solid #e8ecf0;border-radius:12px;padding:28px 22px;display:flex;flex-direction:column\"><div style=\"font-size:2rem;margin-bottom:12px\">\ud83c\udfaf<\/div><h3 style=\"font-size:1.05rem;font-weight:700;color:#745031;margin:0 0 10px\">Printer<\/h3><p style=\"font-size:0.88rem;color:#555;line-height:1.6;flex:1;margin:0\">La gama est\u00e1ndar: el equilibrio perfecto entre calidad de personalizaci\u00f3n y precio competitivo. El m\u00e1s vendido en el sector.<\/p><\/div><div style=\"background:#fff;border:1px solid #e8ecf0;border-radius:12px;padding:28px 22px;display:flex;flex-direction:column\"><div style=\"font-size:2rem;margin-bottom:12px\">\u2b50<\/div><h3 style=\"font-size:1.05rem;font-weight:700;color:#745031;margin:0 0 10px\">Printer PRIME<\/h3><p style=\"font-size:0.88rem;color:#555;line-height:1.6;flex:1;margin:0\">Gama premium con tejidos de mayor gramaje, materiales org\u00e1nicos o reciclados y certificaciones de sostenibilidad.<\/p><\/div><div style=\"background:#fff;border:1px solid #e8ecf0;border-radius:12px;padding:28px 22px;display:flex;flex-direction:column\"><div style=\"font-size:2rem;margin-bottom:12px\">\ud83d\udd34<\/div><h3 style=\"font-size:1.05rem;font-weight:700;color:#745031;margin:0 0 10px\">Printer RED<\/h3><p style=\"font-size:0.88rem;color:#555;line-height:1.6;flex:1;margin:0\">La gama de entrada: precio muy competitivo para grandes vol\u00famenes manteniendo la calidad de personalizaci\u00f3n Printer.<\/p><\/div><div style=\"background:#fff;border:1px solid #e8ecf0;border-radius:12px;padding:28px 22px;display:flex;flex-direction:column\"><div style=\"font-size:2rem;margin-bottom:12px\">\u2702\ufe0f<\/div><h3 style=\"font-size:1.05rem;font-weight:700;color:#745031;margin:0 0 10px\">T\u00e9cnica<\/h3><p style=\"font-size:0.88rem;color:#555;line-height:1.6;flex:1;margin:0\">Algod\u00f3n peinado, preshrunk (preencogido) y gramajes de 150 a 220 g\/m\u00b2. Sin pilosidad superficial para impresi\u00f3n limpia.<\/p><\/div>\n<\/div>\n\n<div style=\"background:#f4f6fa;padding:70px 20px;text-align:center;margin-left:calc(50% - 50vw);margin-right:calc(50% - 50vw)\">\n  <h2 style=\"font-size:clamp(22px,4vw,32px);font-weight:800;color:#745031;margin-bottom:16px\">Explora todos los productos Printer<\/h2>\n  <p style=\"color:#666;max-width:560px;margin:0 auto 30px;font-size:1rem\">Precios de distribuidor. Sin m\u00ednimo de pedido. Entrega en 24\u201372h a toda Espa\u00f1a.<\/p>\n  <div style=\"display:flex;gap:12px;justify-content:center;flex-wrap:wrap\">\n    <a href=\"https:\/\/grupotextil.es\/en\/marca\/printer\/\" style=\"display:inline-block;padding:14px 40px;background:#745031;color:#fff;border-radius:35px;text-decoration:none;font-weight:700;font-size:1rem\">Ver tienda Printer<\/a>\n    <a href=\"https:\/\/joom.ag\/S6Ed\" target=\"_blank\" rel=\"noopener\" style=\"display:inline-block;padding:14px 40px;background:#fff;color:#745031;border:2px solid #745031;border-radius:35px;text-decoration:none;font-weight:700;font-size:1rem\">Cat\u00e1logo 2026<\/a>\n  <\/div>\n<\/div>","protected":false},"excerpt":{"rendered":"<p>NEW WAVE GROUP \u00b7 DISTRIBUIDOR OFICIAL Printer Textil para personalizaci\u00f3n \u00b7 Serigraf\u00eda \u00b7 DTF Ver productos Printer \u2192 DATOS Origen:<\/p>","protected":false},"author":0,"featured_media":0,"parent":0,"menu_order":0,"comment_status":"closed","ping_status":"closed","template":"","meta":{"_acf_changed":false,"footnotes":""},"class_list":["post-240659","page","type-page","status-publish","hentry"],"acf":[],"_links":{"self":[{"href":"https:\/\/grupotextil.es\/en\/wp-json\/wp\/v2\/pages\/240659","targetHints":{"allow":["GET"]}}],"collection":[{"href":"https:\/\/grupotextil.es\/en\/wp-json\/wp\/v2\/pages"}],"about":[{"href":"https:\/\/grupotextil.es\/en\/wp-json\/wp\/v2\/types\/page"}],"replies":[{"embeddable":true,"href":"https:\/\/grupotextil.es\/en\/wp-json\/wp\/v2\/comments?post=240659"}],"version-history":[{"count":0,"href":"https:\/\/grupotextil.es\/en\/wp-json\/wp\/v2\/pages\/240659\/revisions"}],"wp:attachment":[{"href":"https:\/\/grupotextil.es\/en\/wp-json\/wp\/v2\/media?parent=240659"}],"curies":[{"name":"wp","href":"https:\/\/api.w.org\/{rel}","templated":true}]}}