{"id":38301,"date":"2026-02-08T15:12:26","date_gmt":"2026-02-08T15:12:26","guid":{"rendered":"https:\/\/grupotextil.es\/?page_id=38301"},"modified":"2026-03-04T05:47:09","modified_gmt":"2026-03-04T04:47:09","slug":"aviso-legal","status":"publish","type":"page","link":"https:\/\/grupotextil.es\/en\/aviso-legal\/","title":{"rendered":"Aviso Legal"},"content":{"rendered":"<div style=\"max-width:860px;margin:0 auto;padding:40px 20px 60px;\">\n<p><i>Este aviso legal \/ imprint fue actualizado por \u00faltima vez el 18\/01\/2026.<\/i><\/p>\n<p class=\"cmplz-subtitle\">El propietario de esta web es:<\/p>\n<p>RAFAS TEXTILES S.L. <br>Avinguda de la Marina Baixa 114, La Nuc\u00eda 03530, Alicante, Espa\u00f1a<br>Espa\u00f1a<br>Correo electr\u00f3nico:&nbsp;<span class=\"cmplz-obfuscate\">soporte@<span class=\"cmplz-fmail-domain\">ex.com<\/span>grupotextil.es<\/span><br>N\u00famero de tel\u00e9fono: 966880457<br>CIF (N\u00famero de IVA):&nbsp;ESB53151254<\/p>\n<p class=\"cmplz-subtitle\">1.1 Estamos registrados en Registro Mercantil de la provincia de Alicante bajo el n\u00famero de licencia o registro:<\/p>\n<p>Tomo 1960 Folio 190 Hoja A-39.996<\/p>\n<p>Estamos dispuestos u obligados a participar en procedimientos de resoluci\u00f3n de conflictos ante una junta de arbitraje de consumo.<\/p>\n<\/div>","protected":false},"excerpt":{"rendered":"<p>Este aviso legal \/ imprint fue actualizado por \u00faltima vez el 18\/01\/2026. El propietario de esta web es: RAFAS TEXTILES<\/p>","protected":false},"author":1,"featured_media":0,"parent":0,"menu_order":0,"comment_status":"closed","ping_status":"closed","template":"","meta":{"_acf_changed":false,"footnotes":""},"class_list":["post-38301","page","type-page","status-publish","hentry"],"acf":[],"_links":{"self":[{"href":"https:\/\/grupotextil.es\/en\/wp-json\/wp\/v2\/pages\/38301","targetHints":{"allow":["GET"]}}],"collection":[{"href":"https:\/\/grupotextil.es\/en\/wp-json\/wp\/v2\/pages"}],"about":[{"href":"https:\/\/grupotextil.es\/en\/wp-json\/wp\/v2\/types\/page"}],"author":[{"embeddable":true,"href":"https:\/\/grupotextil.es\/en\/wp-json\/wp\/v2\/users\/1"}],"replies":[{"embeddable":true,"href":"https:\/\/grupotextil.es\/en\/wp-json\/wp\/v2\/comments?post=38301"}],"version-history":[{"count":0,"href":"https:\/\/grupotextil.es\/en\/wp-json\/wp\/v2\/pages\/38301\/revisions"}],"wp:attachment":[{"href":"https:\/\/grupotextil.es\/en\/wp-json\/wp\/v2\/media?parent=38301"}],"curies":[{"name":"wp","href":"https:\/\/api.w.org\/{rel}","templated":true}]}}