{"id":177527,"date":"2026-03-03T21:03:00","date_gmt":"2026-03-03T20:03:00","guid":{"rendered":"https:\/\/grupotextil.es\/producto\/sols-san-siro-2\/"},"modified":"2026-03-04T06:44:55","modified_gmt":"2026-03-04T05:44:55","slug":"sols-san-siro-2","status":"publish","type":"product","link":"https:\/\/grupotextil.es\/en\/product\/sols-san-siro-2\/","title":{"rendered":"SOL&#8217;S SAN SIRO 2"},"content":{"rendered":"<p><strong>Composici\u00f3n:<\/strong> 100% poli\u00e9ster plano<\/p>\n<p><strong>Caracter\u00edsticas:<\/strong> Cintur\u00f3n el\u00e1stico con cord\u00f3n de sujeci\u00f3n<br \/>Costuras reforzadas<\/p>\n<p><strong>Tallas disponibles:<\/strong> XXL,S,L,XL,M<\/p>\n<p><strong>Propiedades:<\/strong> kids<\/p>\n<p><strong>Cuidado:<\/strong> 40\u00b0 \u00b7 Planchar a baja temperatura \u00b7 No se puede usar lej\u00eda<\/p>\n<p><strong>G\u00e9nero:<\/strong> Hombre<\/p>","protected":false},"excerpt":{"rendered":"<p>PANTALONES CORTOS B\u00c1SICOS\u00a0PARA\u00a0ADULTO<\/p>","protected":false},"featured_media":228355,"comment_status":"open","ping_status":"closed","template":"","meta":{"_acf_changed":false},"product_brand":[14013],"product_cat":[13974,13975,13973],"product_tag":[],"class_list":{"0":"post-177527","1":"product","2":"type-product","3":"status-publish","4":"has-post-thumbnail","6":"product_brand-sols","7":"product_cat-ropa-hombre","8":"product_cat-ropa-mujer","9":"product_cat-ropa","10":"tm-no-options","12":"first","13":"instock","14":"taxable","15":"shipping-taxable","16":"product-type-variable"},"acf":[],"_links":{"self":[{"href":"https:\/\/grupotextil.es\/en\/wp-json\/wp\/v2\/product\/177527","targetHints":{"allow":["GET"]}}],"collection":[{"href":"https:\/\/grupotextil.es\/en\/wp-json\/wp\/v2\/product"}],"about":[{"href":"https:\/\/grupotextil.es\/en\/wp-json\/wp\/v2\/types\/product"}],"replies":[{"embeddable":true,"href":"https:\/\/grupotextil.es\/en\/wp-json\/wp\/v2\/comments?post=177527"}],"wp:featuredmedia":[{"embeddable":true,"href":"https:\/\/grupotextil.es\/en\/wp-json\/wp\/v2\/media\/228355"}],"wp:attachment":[{"href":"https:\/\/grupotextil.es\/en\/wp-json\/wp\/v2\/media?parent=177527"}],"wp:term":[{"taxonomy":"product_brand","embeddable":true,"href":"https:\/\/grupotextil.es\/en\/wp-json\/wp\/v2\/product_brand?post=177527"},{"taxonomy":"product_cat","embeddable":true,"href":"https:\/\/grupotextil.es\/en\/wp-json\/wp\/v2\/product_cat?post=177527"},{"taxonomy":"product_tag","embeddable":true,"href":"https:\/\/grupotextil.es\/en\/wp-json\/wp\/v2\/product_tag?post=177527"}],"curies":[{"name":"wp","href":"https:\/\/api.w.org\/{rel}","templated":true}]}}