{"id":178877,"date":"2026-03-03T21:04:11","date_gmt":"2026-03-03T20:04:11","guid":{"rendered":"https:\/\/grupotextil.es\/producto\/sols-rock-men\/"},"modified":"2026-03-04T07:42:51","modified_gmt":"2026-03-04T06:42:51","slug":"sols-rock-men","status":"publish","type":"product","link":"https:\/\/grupotextil.es\/en\/product\/sols-rock-men\/","title":{"rendered":"SOL&#8217;S ROCK MEN"},"content":{"rendered":"<p><strong>Composici\u00f3n:<\/strong> 3 capas<br \/>Exterior: 94% poli\u00e9ster &#8211; 6% elastano. 100% poli\u00e9ster forro de tafet\u00e1n. 8000mm membrana impermeable y transpirable<\/p>\n<p><strong>Caracter\u00edsticas:<\/strong> Softshell hombre totalmente acolchado<br \/>Capucha desmontable con visera, ajustable con dos cordones + tope y ajustada con una banda en la parte posterior de velcro<br \/>3 bolsillos delanteros con cremalleras + 1 bolsillo en la manga con cremallera + un bolsillo interior con cremallera<br \/>Pu\u00f1os ajustables con velcro y pu\u00f1os interiores el\u00e1sticos en las mangas. Interior de caucho para conectar los auriculares.<br \/>Cord\u00f3n el\u00e1stico en la parte inferior<\/p>\n<p><strong>Tallas disponibles:<\/strong> XL,M,3XL,XXL,S,L<\/p>\n<p><strong>Propiedades:<\/strong> twin, windproof, waterproof breathable, elasthanne, water repellent<\/p>\n<p><strong>Cuidado:<\/strong> 40\u00b0 \u00b7 Planchar a baja temperatura \u00b7 No se puede usar lej\u00eda<\/p>\n<p><strong>G\u00e9nero:<\/strong> Hombre,Twin<\/p>","protected":false},"excerpt":{"rendered":"<p>CHAQUETA SOFTSHELL ACOLCHADA PARA HOMBRE<\/p>","protected":false},"featured_media":233565,"comment_status":"open","ping_status":"closed","template":"","meta":{"_acf_changed":false},"product_brand":[14013],"product_cat":[13981,13990,13974,13975,13973],"product_tag":[],"class_list":{"0":"post-178877","1":"product","2":"type-product","3":"status-publish","4":"has-post-thumbnail","6":"product_brand-sols","7":"product_cat-h-chaquetas-y-abrigos","8":"product_cat-m-chaquetas-y-abrigos","9":"product_cat-ropa-hombre","10":"product_cat-ropa-mujer","11":"product_cat-ropa","12":"tm-no-options","14":"first","15":"instock","16":"taxable","17":"shipping-taxable","18":"product-type-variable"},"acf":[],"_links":{"self":[{"href":"https:\/\/grupotextil.es\/en\/wp-json\/wp\/v2\/product\/178877","targetHints":{"allow":["GET"]}}],"collection":[{"href":"https:\/\/grupotextil.es\/en\/wp-json\/wp\/v2\/product"}],"about":[{"href":"https:\/\/grupotextil.es\/en\/wp-json\/wp\/v2\/types\/product"}],"replies":[{"embeddable":true,"href":"https:\/\/grupotextil.es\/en\/wp-json\/wp\/v2\/comments?post=178877"}],"wp:featuredmedia":[{"embeddable":true,"href":"https:\/\/grupotextil.es\/en\/wp-json\/wp\/v2\/media\/233565"}],"wp:attachment":[{"href":"https:\/\/grupotextil.es\/en\/wp-json\/wp\/v2\/media?parent=178877"}],"wp:term":[{"taxonomy":"product_brand","embeddable":true,"href":"https:\/\/grupotextil.es\/en\/wp-json\/wp\/v2\/product_brand?post=178877"},{"taxonomy":"product_cat","embeddable":true,"href":"https:\/\/grupotextil.es\/en\/wp-json\/wp\/v2\/product_cat?post=178877"},{"taxonomy":"product_tag","embeddable":true,"href":"https:\/\/grupotextil.es\/en\/wp-json\/wp\/v2\/product_tag?post=178877"}],"curies":[{"name":"wp","href":"https:\/\/api.w.org\/{rel}","templated":true}]}}