{"id":180841,"date":"2026-03-03T21:06:00","date_gmt":"2026-03-03T20:06:00","guid":{"rendered":"https:\/\/grupotextil.es\/producto\/sols-rock-women\/"},"modified":"2026-03-04T09:13:23","modified_gmt":"2026-03-04T08:13:23","slug":"sols-rock-women","status":"publish","type":"product","link":"https:\/\/grupotextil.es\/en\/product\/sols-rock-women\/","title":{"rendered":"SOL&#8217;S ROCK WOMEN"},"content":{"rendered":"<p><strong>Composici\u00f3n:<\/strong> 3 capas<br \/>Exterior: 95% poli\u00e9ster &#8211; 5% elastano. 100% poli\u00e9ster forro de tafet\u00e1n. 8000mm membrana impermeable y transpirable<\/p>\n<p><strong>Caracter\u00edsticas:<\/strong> Softshell mujer totalmente alcochado<br \/>Capucha desmontable con visera, ajustable con dos cordones + tope y ajustada con una banda de velcro en la parte posterior<br \/>3 bolsillos delanteros con cremalleras + 1 bolsillo en la manga con cremallera + un bolsillo interior con cremallera<br \/>Pu\u00f1os ajustables con velcro y el\u00e1sticos<br \/>Cord\u00f3n el\u00e1stico en la parte inferior<br \/>Corte femenino y ajustado<\/p>\n<p><strong>Tallas disponibles:<\/strong> XXL,S,L,XL,M<\/p>\n<p><strong>Propiedades:<\/strong> twin, windproof, waterproof breathable, elasthanne, water repellent<\/p>\n<p><strong>Cuidado:<\/strong> 40\u00b0 \u00b7 Planchar a baja temperatura \u00b7 No se puede usar lej\u00eda<\/p>\n<p><strong>G\u00e9nero:<\/strong> Mujer,Twin<\/p>","protected":false},"excerpt":{"rendered":"<p>CHAQUETA SOFTSHELL ACOLCHADA PARA MUJER<\/p>","protected":false},"featured_media":236499,"comment_status":"open","ping_status":"closed","template":"","meta":{"_acf_changed":false},"product_brand":[14013],"product_cat":[13981,13990,13974,13975,13973],"product_tag":[],"class_list":{"0":"post-180841","1":"product","2":"type-product","3":"status-publish","4":"has-post-thumbnail","6":"product_brand-sols","7":"product_cat-h-chaquetas-y-abrigos","8":"product_cat-m-chaquetas-y-abrigos","9":"product_cat-ropa-hombre","10":"product_cat-ropa-mujer","11":"product_cat-ropa","12":"tm-no-options","14":"first","15":"instock","16":"taxable","17":"shipping-taxable","18":"product-type-variable"},"acf":[],"_links":{"self":[{"href":"https:\/\/grupotextil.es\/en\/wp-json\/wp\/v2\/product\/180841","targetHints":{"allow":["GET"]}}],"collection":[{"href":"https:\/\/grupotextil.es\/en\/wp-json\/wp\/v2\/product"}],"about":[{"href":"https:\/\/grupotextil.es\/en\/wp-json\/wp\/v2\/types\/product"}],"replies":[{"embeddable":true,"href":"https:\/\/grupotextil.es\/en\/wp-json\/wp\/v2\/comments?post=180841"}],"wp:featuredmedia":[{"embeddable":true,"href":"https:\/\/grupotextil.es\/en\/wp-json\/wp\/v2\/media\/236499"}],"wp:attachment":[{"href":"https:\/\/grupotextil.es\/en\/wp-json\/wp\/v2\/media?parent=180841"}],"wp:term":[{"taxonomy":"product_brand","embeddable":true,"href":"https:\/\/grupotextil.es\/en\/wp-json\/wp\/v2\/product_brand?post=180841"},{"taxonomy":"product_cat","embeddable":true,"href":"https:\/\/grupotextil.es\/en\/wp-json\/wp\/v2\/product_cat?post=180841"},{"taxonomy":"product_tag","embeddable":true,"href":"https:\/\/grupotextil.es\/en\/wp-json\/wp\/v2\/product_tag?post=180841"}],"curies":[{"name":"wp","href":"https:\/\/api.w.org\/{rel}","templated":true}]}}